{"id":3687170,"date":"2025-10-13T13:28:46","date_gmt":"2025-10-13T17:28:46","guid":{"rendered":"https:\/\/stoic-curie.212-227-153-4.plesk.page\/product\/vodootporna-torba-za-nauticke-karte-aquapac-330-x-310mm\/"},"modified":"2026-02-25T00:00:40","modified_gmt":"2026-02-25T00:00:40","slug":"vodootporna-torba-za-nauticke-karte-aquapac-330-x-310mm","status":"publish","type":"product","link":"https:\/\/stoic-curie.212-227-153-4.plesk.page\/hr\/product\/vodootporna-torba-za-nauticke-karte-aquapac-330-x-310mm\/","title":{"rendered":"Vodootporna torba za nauti\u010dke karte Aquapac 330 x 310mm"},"content":{"rendered":"<p>Vodootporna torba za nauti\u010dke karte Aquapac 330 x 310mm  &#8211; <\/p>\n<p>Vodootporna torbica za za\u0161titu karata, dijagrama i drugih dokumenata. S oja\u010danim perforiranim trakama koje omogu\u0107uju pri\u010dvr\u0161\u0107ivanje (isporu\u010dene) narukvice. Vodootporno zatvaranje na ljepljenje i \u010di\u010dak.<\/p>\n","protected":false},"excerpt":{"rendered":"<p>Vodootporna torba za nauti\u010dke karte Aquapac 330 x 310mm &#8211; Vodootporna torbica za za\u0161titu karata, dijagrama i drugih dokumenata. S<\/p>\n","protected":false},"featured_media":5937414,"comment_status":"closed","ping_status":"closed","template":"","meta":[],"product_brand":[2796],"product_cat":[1774,1855],"product_tag":[],"class_list":{"0":"post-3687170","1":"product","2":"type-product","3":"status-publish","4":"has-post-thumbnail","6":"product_brand-aquapac-hr","7":"product_cat-alati-i-instrumenti-za-navigacijske-karte","8":"product_cat-suhe-torbe","10":"first","11":"instock","12":"shipping-taxable","13":"purchasable","14":"product-type-simple"},"_links":{"self":[{"href":"https:\/\/stoic-curie.212-227-153-4.plesk.page\/hr\/wp-json\/wp\/v2\/product\/3687170","targetHints":{"allow":["GET"]}}],"collection":[{"href":"https:\/\/stoic-curie.212-227-153-4.plesk.page\/hr\/wp-json\/wp\/v2\/product"}],"about":[{"href":"https:\/\/stoic-curie.212-227-153-4.plesk.page\/hr\/wp-json\/wp\/v2\/types\/product"}],"replies":[{"embeddable":true,"href":"https:\/\/stoic-curie.212-227-153-4.plesk.page\/hr\/wp-json\/wp\/v2\/comments?post=3687170"}],"version-history":[{"count":0,"href":"https:\/\/stoic-curie.212-227-153-4.plesk.page\/hr\/wp-json\/wp\/v2\/product\/3687170\/revisions"}],"wp:featuredmedia":[{"embeddable":true,"href":"https:\/\/stoic-curie.212-227-153-4.plesk.page\/hr\/wp-json\/wp\/v2\/media\/5937414"}],"wp:attachment":[{"href":"https:\/\/stoic-curie.212-227-153-4.plesk.page\/hr\/wp-json\/wp\/v2\/media?parent=3687170"}],"wp:term":[{"taxonomy":"product_brand","embeddable":true,"href":"https:\/\/stoic-curie.212-227-153-4.plesk.page\/hr\/wp-json\/wp\/v2\/product_brand?post=3687170"},{"taxonomy":"product_cat","embeddable":true,"href":"https:\/\/stoic-curie.212-227-153-4.plesk.page\/hr\/wp-json\/wp\/v2\/product_cat?post=3687170"},{"taxonomy":"product_tag","embeddable":true,"href":"https:\/\/stoic-curie.212-227-153-4.plesk.page\/hr\/wp-json\/wp\/v2\/product_tag?post=3687170"}],"curies":[{"name":"wp","href":"https:\/\/api.w.org\/{rel}","templated":true}]}}