{"id":3687181,"date":"2025-10-13T13:28:49","date_gmt":"2025-10-13T17:28:49","guid":{"rendered":"https:\/\/stoic-curie.212-227-153-4.plesk.page\/product\/sigurnosni-prsten-od-nehrdajuceg-celika-25-x-18-mm\/"},"modified":"2026-02-25T00:00:40","modified_gmt":"2026-02-25T00:00:40","slug":"sigurnosni-prsten-od-nehrdajuceg-celika-25-x-18-mm","status":"publish","type":"product","link":"https:\/\/stoic-curie.212-227-153-4.plesk.page\/hr\/product\/sigurnosni-prsten-od-nehrdajuceg-celika-25-x-18-mm\/","title":{"rendered":"Sigurnosni prsten od nehr\u0111aju\u0107eg \u010delika 25 x 1,8 mm"},"content":{"rendered":"<p>Sigurnosni prsten od nehr\u0111aju\u0107eg \u010delika 25 x 1,8 mm &#8211; <\/p>\n<p>Prstenovi sigurnosti od nehr\u0111aju\u0107eg \u010delika bez kliznog \u010depa.<\/p>\n","protected":false},"excerpt":{"rendered":"<p>Sigurnosni prsten od nehr\u0111aju\u0107eg \u010delika 25 x 1,8 mm &#8211; Prstenovi sigurnosti od nehr\u0111aju\u0107eg \u010delika bez kliznog \u010depa.<\/p>\n","protected":false},"featured_media":5937451,"comment_status":"closed","ping_status":"closed","template":"","meta":[],"product_brand":[3121],"product_cat":[1765],"product_tag":[],"class_list":{"0":"post-3687181","1":"product","2":"type-product","3":"status-publish","4":"has-post-thumbnail","6":"product_brand-marinetech-hr","7":"product_cat-pribor-i-oprema-za-brodice-i-jedrilice","9":"first","10":"instock","11":"shipping-taxable","12":"purchasable","13":"product-type-simple"},"_links":{"self":[{"href":"https:\/\/stoic-curie.212-227-153-4.plesk.page\/hr\/wp-json\/wp\/v2\/product\/3687181","targetHints":{"allow":["GET"]}}],"collection":[{"href":"https:\/\/stoic-curie.212-227-153-4.plesk.page\/hr\/wp-json\/wp\/v2\/product"}],"about":[{"href":"https:\/\/stoic-curie.212-227-153-4.plesk.page\/hr\/wp-json\/wp\/v2\/types\/product"}],"replies":[{"embeddable":true,"href":"https:\/\/stoic-curie.212-227-153-4.plesk.page\/hr\/wp-json\/wp\/v2\/comments?post=3687181"}],"version-history":[{"count":0,"href":"https:\/\/stoic-curie.212-227-153-4.plesk.page\/hr\/wp-json\/wp\/v2\/product\/3687181\/revisions"}],"wp:featuredmedia":[{"embeddable":true,"href":"https:\/\/stoic-curie.212-227-153-4.plesk.page\/hr\/wp-json\/wp\/v2\/media\/5937451"}],"wp:attachment":[{"href":"https:\/\/stoic-curie.212-227-153-4.plesk.page\/hr\/wp-json\/wp\/v2\/media?parent=3687181"}],"wp:term":[{"taxonomy":"product_brand","embeddable":true,"href":"https:\/\/stoic-curie.212-227-153-4.plesk.page\/hr\/wp-json\/wp\/v2\/product_brand?post=3687181"},{"taxonomy":"product_cat","embeddable":true,"href":"https:\/\/stoic-curie.212-227-153-4.plesk.page\/hr\/wp-json\/wp\/v2\/product_cat?post=3687181"},{"taxonomy":"product_tag","embeddable":true,"href":"https:\/\/stoic-curie.212-227-153-4.plesk.page\/hr\/wp-json\/wp\/v2\/product_tag?post=3687181"}],"curies":[{"name":"wp","href":"https:\/\/api.w.org\/{rel}","templated":true}]}}