{"id":3687184,"date":"2025-10-13T13:28:50","date_gmt":"2025-10-13T17:28:50","guid":{"rendered":"https:\/\/stoic-curie.212-227-153-4.plesk.page\/product\/konop-za-podvodne-puske-20mm-x-40m\/"},"modified":"2026-02-25T00:00:40","modified_gmt":"2026-02-25T00:00:40","slug":"konop-za-podvodne-puske-20mm-x-40m","status":"publish","type":"product","link":"https:\/\/stoic-curie.212-227-153-4.plesk.page\/hr\/product\/konop-za-podvodne-puske-20mm-x-40m\/","title":{"rendered":"Konop za podvodne pu\u0161ke 2,0mm x 40m"},"content":{"rendered":"<p>Konop za podvodne pu\u0161ke 2,0mm x 40m &#8211; <\/p>\n<p>Posebna 16-pletenica za speargune. Zna\u010dajke: 100 % visokotla\u010dna poliester pletenica.<\/p>\n","protected":false},"excerpt":{"rendered":"<p>Konop za podvodne pu\u0161ke 2,0mm x 40m &#8211; Posebna 16-pletenica za speargune. Zna\u010dajke: 100 % visokotla\u010dna poliester pletenica.<\/p>\n","protected":false},"featured_media":5937459,"comment_status":"closed","ping_status":"closed","template":"","meta":[],"product_brand":[3491],"product_cat":[1844],"product_tag":[],"class_list":{"0":"post-3687184","1":"product","2":"type-product","3":"status-publish","4":"has-post-thumbnail","6":"product_brand-trem-hr","7":"product_cat-oprema-za-ronjenje","9":"first","10":"instock","11":"shipping-taxable","12":"purchasable","13":"product-type-simple"},"_links":{"self":[{"href":"https:\/\/stoic-curie.212-227-153-4.plesk.page\/hr\/wp-json\/wp\/v2\/product\/3687184","targetHints":{"allow":["GET"]}}],"collection":[{"href":"https:\/\/stoic-curie.212-227-153-4.plesk.page\/hr\/wp-json\/wp\/v2\/product"}],"about":[{"href":"https:\/\/stoic-curie.212-227-153-4.plesk.page\/hr\/wp-json\/wp\/v2\/types\/product"}],"replies":[{"embeddable":true,"href":"https:\/\/stoic-curie.212-227-153-4.plesk.page\/hr\/wp-json\/wp\/v2\/comments?post=3687184"}],"version-history":[{"count":0,"href":"https:\/\/stoic-curie.212-227-153-4.plesk.page\/hr\/wp-json\/wp\/v2\/product\/3687184\/revisions"}],"wp:featuredmedia":[{"embeddable":true,"href":"https:\/\/stoic-curie.212-227-153-4.plesk.page\/hr\/wp-json\/wp\/v2\/media\/5937459"}],"wp:attachment":[{"href":"https:\/\/stoic-curie.212-227-153-4.plesk.page\/hr\/wp-json\/wp\/v2\/media?parent=3687184"}],"wp:term":[{"taxonomy":"product_brand","embeddable":true,"href":"https:\/\/stoic-curie.212-227-153-4.plesk.page\/hr\/wp-json\/wp\/v2\/product_brand?post=3687184"},{"taxonomy":"product_cat","embeddable":true,"href":"https:\/\/stoic-curie.212-227-153-4.plesk.page\/hr\/wp-json\/wp\/v2\/product_cat?post=3687184"},{"taxonomy":"product_tag","embeddable":true,"href":"https:\/\/stoic-curie.212-227-153-4.plesk.page\/hr\/wp-json\/wp\/v2\/product_tag?post=3687184"}],"curies":[{"name":"wp","href":"https:\/\/api.w.org\/{rel}","templated":true}]}}