{"id":3687190,"date":"2025-10-13T13:28:51","date_gmt":"2025-10-13T17:28:51","guid":{"rendered":"https:\/\/stoic-curie.212-227-153-4.plesk.page\/product\/crno-poliestersko-uze-visoke-cvrstoce-u-kolutu-3-mm-x-40-m\/"},"modified":"2026-02-25T00:00:40","modified_gmt":"2026-02-25T00:00:40","slug":"crno-poliestersko-uze-visoke-cvrstoce-u-kolutu-3-mm-x-40-m","status":"publish","type":"product","link":"https:\/\/stoic-curie.212-227-153-4.plesk.page\/hr\/product\/crno-poliestersko-uze-visoke-cvrstoce-u-kolutu-3-mm-x-40-m\/","title":{"rendered":"Crno poliestersko u\u017ee visoke \u010dvrsto\u0107e u kolutu 3 mm x 40 m"},"content":{"rendered":"<p>Crno poliestersko u\u017ee visoke \u010dvrsto\u0107e u kolutu 3 mm x 40 m &#8211; <\/p>\n<p>Mali koluti\u0107i od crne poliesterske vrpce. Koriste se kao vezice, pri\u010dvr\u0161\u0107iva\u010di i za druge svrhe.<\/p>\n","protected":false},"excerpt":{"rendered":"<p>Crno poliestersko u\u017ee visoke \u010dvrsto\u0107e u kolutu 3 mm x 40 m &#8211; Mali koluti\u0107i od crne poliesterske vrpce. Koriste<\/p>\n","protected":false},"featured_media":5937466,"comment_status":"closed","ping_status":"closed","template":"","meta":[],"product_brand":[3236],"product_cat":[1768],"product_tag":[],"class_list":{"0":"post-3687190","1":"product","2":"type-product","3":"status-publish","4":"has-post-thumbnail","6":"product_brand-osculati-hr","7":"product_cat-skote-i-podigaci-jedara","9":"first","10":"instock","11":"shipping-taxable","12":"purchasable","13":"product-type-simple"},"_links":{"self":[{"href":"https:\/\/stoic-curie.212-227-153-4.plesk.page\/hr\/wp-json\/wp\/v2\/product\/3687190","targetHints":{"allow":["GET"]}}],"collection":[{"href":"https:\/\/stoic-curie.212-227-153-4.plesk.page\/hr\/wp-json\/wp\/v2\/product"}],"about":[{"href":"https:\/\/stoic-curie.212-227-153-4.plesk.page\/hr\/wp-json\/wp\/v2\/types\/product"}],"replies":[{"embeddable":true,"href":"https:\/\/stoic-curie.212-227-153-4.plesk.page\/hr\/wp-json\/wp\/v2\/comments?post=3687190"}],"version-history":[{"count":0,"href":"https:\/\/stoic-curie.212-227-153-4.plesk.page\/hr\/wp-json\/wp\/v2\/product\/3687190\/revisions"}],"wp:featuredmedia":[{"embeddable":true,"href":"https:\/\/stoic-curie.212-227-153-4.plesk.page\/hr\/wp-json\/wp\/v2\/media\/5937466"}],"wp:attachment":[{"href":"https:\/\/stoic-curie.212-227-153-4.plesk.page\/hr\/wp-json\/wp\/v2\/media?parent=3687190"}],"wp:term":[{"taxonomy":"product_brand","embeddable":true,"href":"https:\/\/stoic-curie.212-227-153-4.plesk.page\/hr\/wp-json\/wp\/v2\/product_brand?post=3687190"},{"taxonomy":"product_cat","embeddable":true,"href":"https:\/\/stoic-curie.212-227-153-4.plesk.page\/hr\/wp-json\/wp\/v2\/product_cat?post=3687190"},{"taxonomy":"product_tag","embeddable":true,"href":"https:\/\/stoic-curie.212-227-153-4.plesk.page\/hr\/wp-json\/wp\/v2\/product_tag?post=3687190"}],"curies":[{"name":"wp","href":"https:\/\/api.w.org\/{rel}","templated":true}]}}