{"id":3687193,"date":"2025-10-13T13:28:52","date_gmt":"2025-10-13T17:28:52","guid":{"rendered":"https:\/\/stoic-curie.212-227-153-4.plesk.page\/product\/crveni-poliesterski-konop-visoke-cvrstoce-u-kolutu-2-mm-x-30-m\/"},"modified":"2026-02-25T00:00:40","modified_gmt":"2026-02-25T00:00:40","slug":"crveni-poliesterski-konop-visoke-cvrstoce-u-kolutu-2-mm-x-30-m","status":"publish","type":"product","link":"https:\/\/stoic-curie.212-227-153-4.plesk.page\/hr\/product\/crveni-poliesterski-konop-visoke-cvrstoce-u-kolutu-2-mm-x-30-m\/","title":{"rendered":"Crveni poliesterski konop visoke \u010dvrsto\u0107e u kolutu 2 mm x 30 m"},"content":{"rendered":"<p>Crveni poliesterski konop visoke \u010dvrsto\u0107e u kolutu 2 mm x 30 m &#8211; <\/p>\n<p>Mini kolut od punog polipropilenskog pletenog materijala. Mogu se koristiti kao pre\u010dke, veziva i za druge svrhe.<\/p>\n","protected":false},"excerpt":{"rendered":"<p>Crveni poliesterski konop visoke \u010dvrsto\u0107e u kolutu 2 mm x 30 m &#8211; Mini kolut od punog polipropilenskog pletenog materijala.<\/p>\n","protected":false},"featured_media":5937470,"comment_status":"closed","ping_status":"closed","template":"","meta":[],"product_brand":[3236],"product_cat":[1768],"product_tag":[],"class_list":{"0":"post-3687193","1":"product","2":"type-product","3":"status-publish","4":"has-post-thumbnail","6":"product_brand-osculati-hr","7":"product_cat-skote-i-podigaci-jedara","9":"first","10":"instock","11":"shipping-taxable","12":"purchasable","13":"product-type-simple"},"_links":{"self":[{"href":"https:\/\/stoic-curie.212-227-153-4.plesk.page\/hr\/wp-json\/wp\/v2\/product\/3687193","targetHints":{"allow":["GET"]}}],"collection":[{"href":"https:\/\/stoic-curie.212-227-153-4.plesk.page\/hr\/wp-json\/wp\/v2\/product"}],"about":[{"href":"https:\/\/stoic-curie.212-227-153-4.plesk.page\/hr\/wp-json\/wp\/v2\/types\/product"}],"replies":[{"embeddable":true,"href":"https:\/\/stoic-curie.212-227-153-4.plesk.page\/hr\/wp-json\/wp\/v2\/comments?post=3687193"}],"version-history":[{"count":0,"href":"https:\/\/stoic-curie.212-227-153-4.plesk.page\/hr\/wp-json\/wp\/v2\/product\/3687193\/revisions"}],"wp:featuredmedia":[{"embeddable":true,"href":"https:\/\/stoic-curie.212-227-153-4.plesk.page\/hr\/wp-json\/wp\/v2\/media\/5937470"}],"wp:attachment":[{"href":"https:\/\/stoic-curie.212-227-153-4.plesk.page\/hr\/wp-json\/wp\/v2\/media?parent=3687193"}],"wp:term":[{"taxonomy":"product_brand","embeddable":true,"href":"https:\/\/stoic-curie.212-227-153-4.plesk.page\/hr\/wp-json\/wp\/v2\/product_brand?post=3687193"},{"taxonomy":"product_cat","embeddable":true,"href":"https:\/\/stoic-curie.212-227-153-4.plesk.page\/hr\/wp-json\/wp\/v2\/product_cat?post=3687193"},{"taxonomy":"product_tag","embeddable":true,"href":"https:\/\/stoic-curie.212-227-153-4.plesk.page\/hr\/wp-json\/wp\/v2\/product_tag?post=3687193"}],"curies":[{"name":"wp","href":"https:\/\/api.w.org\/{rel}","templated":true}]}}