{"id":3687196,"date":"2025-10-13T13:28:53","date_gmt":"2025-10-13T17:28:53","guid":{"rendered":"https:\/\/stoic-curie.212-227-153-4.plesk.page\/product\/zuti-poliesterski-uze-konop-ccvrstoce-u-kolutu-3-mm-x-15-m\/"},"modified":"2026-02-25T00:00:40","modified_gmt":"2026-02-25T00:00:40","slug":"zuti-poliesterski-uze-konop-ccvrstoce-u-kolutu-3-mm-x-15-m","status":"publish","type":"product","link":"https:\/\/stoic-curie.212-227-153-4.plesk.page\/hr\/product\/zuti-poliesterski-uze-konop-ccvrstoce-u-kolutu-3-mm-x-15-m\/","title":{"rendered":"\u017duti poliesterski u\u017ee konop \u010dcvrsto\u0107e u kolutu 3 mm x 15 m"},"content":{"rendered":"<p>\u017duti poliesterski u\u017ee konop \u010dcvrsto\u0107e u kolutu 3 mm x 15 m &#8211; <\/p>\n<p>Mini-oko od polipropilena u punoj boji. Mo\u017ee se koristiti kao vise\u0107i trak, vezavanje i za druge svrhe.<\/p>\n","protected":false},"excerpt":{"rendered":"<p>\u017duti poliesterski u\u017ee konop \u010dcvrsto\u0107e u kolutu 3 mm x 15 m &#8211; Mini-oko od polipropilena u punoj boji. Mo\u017ee<\/p>\n","protected":false},"featured_media":5937470,"comment_status":"closed","ping_status":"closed","template":"","meta":[],"product_brand":[3236],"product_cat":[1768],"product_tag":[],"class_list":{"0":"post-3687196","1":"product","2":"type-product","3":"status-publish","4":"has-post-thumbnail","6":"product_brand-osculati-hr","7":"product_cat-skote-i-podigaci-jedara","9":"first","10":"instock","11":"shipping-taxable","12":"purchasable","13":"product-type-simple"},"_links":{"self":[{"href":"https:\/\/stoic-curie.212-227-153-4.plesk.page\/hr\/wp-json\/wp\/v2\/product\/3687196","targetHints":{"allow":["GET"]}}],"collection":[{"href":"https:\/\/stoic-curie.212-227-153-4.plesk.page\/hr\/wp-json\/wp\/v2\/product"}],"about":[{"href":"https:\/\/stoic-curie.212-227-153-4.plesk.page\/hr\/wp-json\/wp\/v2\/types\/product"}],"replies":[{"embeddable":true,"href":"https:\/\/stoic-curie.212-227-153-4.plesk.page\/hr\/wp-json\/wp\/v2\/comments?post=3687196"}],"version-history":[{"count":0,"href":"https:\/\/stoic-curie.212-227-153-4.plesk.page\/hr\/wp-json\/wp\/v2\/product\/3687196\/revisions"}],"wp:featuredmedia":[{"embeddable":true,"href":"https:\/\/stoic-curie.212-227-153-4.plesk.page\/hr\/wp-json\/wp\/v2\/media\/5937470"}],"wp:attachment":[{"href":"https:\/\/stoic-curie.212-227-153-4.plesk.page\/hr\/wp-json\/wp\/v2\/media?parent=3687196"}],"wp:term":[{"taxonomy":"product_brand","embeddable":true,"href":"https:\/\/stoic-curie.212-227-153-4.plesk.page\/hr\/wp-json\/wp\/v2\/product_brand?post=3687196"},{"taxonomy":"product_cat","embeddable":true,"href":"https:\/\/stoic-curie.212-227-153-4.plesk.page\/hr\/wp-json\/wp\/v2\/product_cat?post=3687196"},{"taxonomy":"product_tag","embeddable":true,"href":"https:\/\/stoic-curie.212-227-153-4.plesk.page\/hr\/wp-json\/wp\/v2\/product_tag?post=3687196"}],"curies":[{"name":"wp","href":"https:\/\/api.w.org\/{rel}","templated":true}]}}