{"id":3687199,"date":"2025-10-13T13:28:54","date_gmt":"2025-10-13T17:28:54","guid":{"rendered":"https:\/\/stoic-curie.212-227-153-4.plesk.page\/product\/led-svjetlo-quick-selene-77mm-dnevno-svjetlo-4000-k-12-24-v\/"},"modified":"2026-02-25T00:00:40","modified_gmt":"2026-02-25T00:00:40","slug":"led-svjetlo-quick-selene-77mm-dnevno-svjetlo-4000-k-12-24-v","status":"publish","type":"product","link":"https:\/\/stoic-curie.212-227-153-4.plesk.page\/hr\/product\/led-svjetlo-quick-selene-77mm-dnevno-svjetlo-4000-k-12-24-v\/","title":{"rendered":"LED svjetlo Quick Selene 77mm dnevno svjetlo 4000 K 12\/24 V"},"content":{"rendered":"<p>LED svjetlo Quick Selene 77mm dnevno svjetlo 4000 K 12\/24 V &#8211; <\/p>\n<p>2W IP40 LED reflektor za unutarnje prostore s okvirom i prekida\u010dem od nehr\u0111aju\u0107eg \u010delika 316. Ugradnja s oprugama. Univerzalni napon od 9-32V s pode\u0161ivim LED-ima za\u0161ti\u0107enim od prenapona i obrnute veze.<\/p>\n","protected":false},"excerpt":{"rendered":"<p>LED svjetlo Quick Selene 77mm dnevno svjetlo 4000 K 12\/24 V &#8211; 2W IP40 LED reflektor za unutarnje prostore s<\/p>\n","protected":false},"featured_media":5937504,"comment_status":"closed","ping_status":"closed","template":"","meta":[],"product_brand":[3281],"product_cat":[1739],"product_tag":[],"class_list":{"0":"post-3687199","1":"product","2":"type-product","3":"status-publish","4":"has-post-thumbnail","6":"product_brand-quick-hr","7":"product_cat-rasvjeta","9":"first","10":"instock","11":"shipping-taxable","12":"purchasable","13":"product-type-simple"},"_links":{"self":[{"href":"https:\/\/stoic-curie.212-227-153-4.plesk.page\/hr\/wp-json\/wp\/v2\/product\/3687199","targetHints":{"allow":["GET"]}}],"collection":[{"href":"https:\/\/stoic-curie.212-227-153-4.plesk.page\/hr\/wp-json\/wp\/v2\/product"}],"about":[{"href":"https:\/\/stoic-curie.212-227-153-4.plesk.page\/hr\/wp-json\/wp\/v2\/types\/product"}],"replies":[{"embeddable":true,"href":"https:\/\/stoic-curie.212-227-153-4.plesk.page\/hr\/wp-json\/wp\/v2\/comments?post=3687199"}],"version-history":[{"count":0,"href":"https:\/\/stoic-curie.212-227-153-4.plesk.page\/hr\/wp-json\/wp\/v2\/product\/3687199\/revisions"}],"wp:featuredmedia":[{"embeddable":true,"href":"https:\/\/stoic-curie.212-227-153-4.plesk.page\/hr\/wp-json\/wp\/v2\/media\/5937504"}],"wp:attachment":[{"href":"https:\/\/stoic-curie.212-227-153-4.plesk.page\/hr\/wp-json\/wp\/v2\/media?parent=3687199"}],"wp:term":[{"taxonomy":"product_brand","embeddable":true,"href":"https:\/\/stoic-curie.212-227-153-4.plesk.page\/hr\/wp-json\/wp\/v2\/product_brand?post=3687199"},{"taxonomy":"product_cat","embeddable":true,"href":"https:\/\/stoic-curie.212-227-153-4.plesk.page\/hr\/wp-json\/wp\/v2\/product_cat?post=3687199"},{"taxonomy":"product_tag","embeddable":true,"href":"https:\/\/stoic-curie.212-227-153-4.plesk.page\/hr\/wp-json\/wp\/v2\/product_tag?post=3687199"}],"curies":[{"name":"wp","href":"https:\/\/api.w.org\/{rel}","templated":true}]}}