{"id":3687217,"date":"2025-10-13T13:28:58","date_gmt":"2025-10-13T17:28:58","guid":{"rendered":"https:\/\/stoic-curie.212-227-153-4.plesk.page\/product\/quicksilver-sinteticko-4-taktno-ulje-25w-40-1lt\/"},"modified":"2026-02-25T00:00:40","modified_gmt":"2026-02-25T00:00:40","slug":"quicksilver-sinteticko-4-taktno-ulje-25w-40-1lt","status":"publish","type":"product","link":"https:\/\/stoic-curie.212-227-153-4.plesk.page\/hr\/product\/quicksilver-sinteticko-4-taktno-ulje-25w-40-1lt\/","title":{"rendered":"Quicksilver sinteti\u010dko 4-taktno ulje 25w-40 1lt"},"content":{"rendered":"<p>Quicksilver sinteti\u010dko 4-taktno ulje 25w-40 1lt &#8211; <\/p>\n<p>4-taktno izravno ubrizgavanje goriva sinteti\u010dka mje\u0161avina SAE 25W-40 ulja za unutarnje, vanjske i sterndrive motore.<\/p>\n","protected":false},"excerpt":{"rendered":"<p>Quicksilver sinteti\u010dko 4-taktno ulje 25w-40 1lt &#8211; 4-taktno izravno ubrizgavanje goriva sinteti\u010dka mje\u0161avina SAE 25W-40 ulja za unutarnje, vanjske i<\/p>\n","protected":false},"featured_media":5937531,"comment_status":"closed","ping_status":"closed","template":"","meta":[],"product_brand":[3286],"product_cat":[1802],"product_tag":[],"class_list":{"0":"post-3687217","1":"product","2":"type-product","3":"status-publish","4":"has-post-thumbnail","6":"product_brand-quicksilver-hr","7":"product_cat-ulje-brodskog-motora","9":"first","10":"instock","11":"shipping-taxable","12":"purchasable","13":"product-type-simple"},"_links":{"self":[{"href":"https:\/\/stoic-curie.212-227-153-4.plesk.page\/hr\/wp-json\/wp\/v2\/product\/3687217","targetHints":{"allow":["GET"]}}],"collection":[{"href":"https:\/\/stoic-curie.212-227-153-4.plesk.page\/hr\/wp-json\/wp\/v2\/product"}],"about":[{"href":"https:\/\/stoic-curie.212-227-153-4.plesk.page\/hr\/wp-json\/wp\/v2\/types\/product"}],"replies":[{"embeddable":true,"href":"https:\/\/stoic-curie.212-227-153-4.plesk.page\/hr\/wp-json\/wp\/v2\/comments?post=3687217"}],"version-history":[{"count":0,"href":"https:\/\/stoic-curie.212-227-153-4.plesk.page\/hr\/wp-json\/wp\/v2\/product\/3687217\/revisions"}],"wp:featuredmedia":[{"embeddable":true,"href":"https:\/\/stoic-curie.212-227-153-4.plesk.page\/hr\/wp-json\/wp\/v2\/media\/5937531"}],"wp:attachment":[{"href":"https:\/\/stoic-curie.212-227-153-4.plesk.page\/hr\/wp-json\/wp\/v2\/media?parent=3687217"}],"wp:term":[{"taxonomy":"product_brand","embeddable":true,"href":"https:\/\/stoic-curie.212-227-153-4.plesk.page\/hr\/wp-json\/wp\/v2\/product_brand?post=3687217"},{"taxonomy":"product_cat","embeddable":true,"href":"https:\/\/stoic-curie.212-227-153-4.plesk.page\/hr\/wp-json\/wp\/v2\/product_cat?post=3687217"},{"taxonomy":"product_tag","embeddable":true,"href":"https:\/\/stoic-curie.212-227-153-4.plesk.page\/hr\/wp-json\/wp\/v2\/product_tag?post=3687217"}],"curies":[{"name":"wp","href":"https:\/\/api.w.org\/{rel}","templated":true}]}}