{"id":3687271,"date":"2025-10-13T13:29:09","date_gmt":"2025-10-13T17:29:09","guid":{"rendered":"https:\/\/stoic-curie.212-227-153-4.plesk.page\/product\/dvostruka-krizna-bitva-200x70mm-galvanizirana\/"},"modified":"2026-02-25T00:00:41","modified_gmt":"2026-02-25T00:00:41","slug":"dvostruka-krizna-bitva-200x70mm-galvanizirana","status":"publish","type":"product","link":"https:\/\/stoic-curie.212-227-153-4.plesk.page\/hr\/product\/dvostruka-krizna-bitva-200x70mm-galvanizirana\/","title":{"rendered":"Dvostruka kri\u017ena bitva 200x70mm galvanizirana"},"content":{"rendered":"<p>Dvostruka kri\u017ena bitva 200x70mm galvanizirana &#8211; <\/p>\n<p>Galvanizirani \u010deli\u010dni ukri\u017eeni dvostruki vezni bultovi za pristane i ribarske brodove. 6 rupa za monta\u017eu u bazi.<\/p>\n","protected":false},"excerpt":{"rendered":"<p>Dvostruka kri\u017ena bitva 200x70mm galvanizirana &#8211; Galvanizirani \u010deli\u010dni ukri\u017eeni dvostruki vezni bultovi za pristane i ribarske brodove. 6 rupa za<\/p>\n","protected":false},"featured_media":5937601,"comment_status":"closed","ping_status":"closed","template":"","meta":[],"product_brand":[3086],"product_cat":[1712],"product_tag":[],"class_list":{"0":"post-3687271","1":"product","2":"type-product","3":"status-publish","4":"has-post-thumbnail","6":"product_brand-maggigroup-hr","7":"product_cat-brodske-bitve","9":"first","10":"instock","11":"shipping-taxable","12":"purchasable","13":"product-type-simple"},"_links":{"self":[{"href":"https:\/\/stoic-curie.212-227-153-4.plesk.page\/hr\/wp-json\/wp\/v2\/product\/3687271","targetHints":{"allow":["GET"]}}],"collection":[{"href":"https:\/\/stoic-curie.212-227-153-4.plesk.page\/hr\/wp-json\/wp\/v2\/product"}],"about":[{"href":"https:\/\/stoic-curie.212-227-153-4.plesk.page\/hr\/wp-json\/wp\/v2\/types\/product"}],"replies":[{"embeddable":true,"href":"https:\/\/stoic-curie.212-227-153-4.plesk.page\/hr\/wp-json\/wp\/v2\/comments?post=3687271"}],"version-history":[{"count":0,"href":"https:\/\/stoic-curie.212-227-153-4.plesk.page\/hr\/wp-json\/wp\/v2\/product\/3687271\/revisions"}],"wp:featuredmedia":[{"embeddable":true,"href":"https:\/\/stoic-curie.212-227-153-4.plesk.page\/hr\/wp-json\/wp\/v2\/media\/5937601"}],"wp:attachment":[{"href":"https:\/\/stoic-curie.212-227-153-4.plesk.page\/hr\/wp-json\/wp\/v2\/media?parent=3687271"}],"wp:term":[{"taxonomy":"product_brand","embeddable":true,"href":"https:\/\/stoic-curie.212-227-153-4.plesk.page\/hr\/wp-json\/wp\/v2\/product_brand?post=3687271"},{"taxonomy":"product_cat","embeddable":true,"href":"https:\/\/stoic-curie.212-227-153-4.plesk.page\/hr\/wp-json\/wp\/v2\/product_cat?post=3687271"},{"taxonomy":"product_tag","embeddable":true,"href":"https:\/\/stoic-curie.212-227-153-4.plesk.page\/hr\/wp-json\/wp\/v2\/product_tag?post=3687271"}],"curies":[{"name":"wp","href":"https:\/\/api.w.org\/{rel}","templated":true}]}}