{"id":3687290,"date":"2025-10-13T13:29:13","date_gmt":"2025-10-13T17:29:13","guid":{"rendered":"https:\/\/stoic-curie.212-227-153-4.plesk.page\/product\/drzaci-stezaljki-od-nehrdajuceg-celika-32-35-mm\/"},"modified":"2026-02-25T00:00:41","modified_gmt":"2026-02-25T00:00:41","slug":"drzaci-stezaljki-od-nehrdajuceg-celika-32-35-mm","status":"publish","type":"product","link":"https:\/\/stoic-curie.212-227-153-4.plesk.page\/hr\/product\/drzaci-stezaljki-od-nehrdajuceg-celika-32-35-mm\/","title":{"rendered":"Dr\u017ea\u010di stezaljki od nehr\u0111aju\u0107eg \u010delika 32\/35 mm"},"content":{"rendered":"<p>Dr\u017ea\u010di stezaljki od nehr\u0111aju\u0107eg \u010delika 32\/35 mm &#8211; Od nehr\u0111aju\u0107eg \u010delika, pogodno za dr\u017eanje vesala, u\u017ee za \u010damce ili ru\u010dke, pri\u010dvr\u0161\u0107eno s 2 vijka. Pakiranje od 2 komada.<\/p>\n","protected":false},"excerpt":{"rendered":"<p>Dr\u017ea\u010di stezaljki od nehr\u0111aju\u0107eg \u010delika 32\/35 mm &#8211; Od nehr\u0111aju\u0107eg \u010delika, pogodno za dr\u017eanje vesala, u\u017ee za \u010damce ili ru\u010dke,<\/p>\n","protected":false},"featured_media":5937644,"comment_status":"closed","ping_status":"closed","template":"","meta":[],"product_brand":[3121],"product_cat":[1616,1644],"product_tag":[],"class_list":{"0":"post-3687290","1":"product","2":"type-product","3":"status-publish","4":"has-post-thumbnail","6":"product_brand-marinetech-hr","7":"product_cat-kuke-za-privez-i-pristajanje","8":"product_cat-pribor-za-spremista","10":"first","11":"instock","12":"shipping-taxable","13":"purchasable","14":"product-type-simple"},"_links":{"self":[{"href":"https:\/\/stoic-curie.212-227-153-4.plesk.page\/hr\/wp-json\/wp\/v2\/product\/3687290","targetHints":{"allow":["GET"]}}],"collection":[{"href":"https:\/\/stoic-curie.212-227-153-4.plesk.page\/hr\/wp-json\/wp\/v2\/product"}],"about":[{"href":"https:\/\/stoic-curie.212-227-153-4.plesk.page\/hr\/wp-json\/wp\/v2\/types\/product"}],"replies":[{"embeddable":true,"href":"https:\/\/stoic-curie.212-227-153-4.plesk.page\/hr\/wp-json\/wp\/v2\/comments?post=3687290"}],"version-history":[{"count":0,"href":"https:\/\/stoic-curie.212-227-153-4.plesk.page\/hr\/wp-json\/wp\/v2\/product\/3687290\/revisions"}],"wp:featuredmedia":[{"embeddable":true,"href":"https:\/\/stoic-curie.212-227-153-4.plesk.page\/hr\/wp-json\/wp\/v2\/media\/5937644"}],"wp:attachment":[{"href":"https:\/\/stoic-curie.212-227-153-4.plesk.page\/hr\/wp-json\/wp\/v2\/media?parent=3687290"}],"wp:term":[{"taxonomy":"product_brand","embeddable":true,"href":"https:\/\/stoic-curie.212-227-153-4.plesk.page\/hr\/wp-json\/wp\/v2\/product_brand?post=3687290"},{"taxonomy":"product_cat","embeddable":true,"href":"https:\/\/stoic-curie.212-227-153-4.plesk.page\/hr\/wp-json\/wp\/v2\/product_cat?post=3687290"},{"taxonomy":"product_tag","embeddable":true,"href":"https:\/\/stoic-curie.212-227-153-4.plesk.page\/hr\/wp-json\/wp\/v2\/product_tag?post=3687290"}],"curies":[{"name":"wp","href":"https:\/\/api.w.org\/{rel}","templated":true}]}}