{"id":3687291,"date":"2025-10-13T13:29:13","date_gmt":"2025-10-13T17:29:13","guid":{"rendered":"https:\/\/stoic-curie.212-227-153-4.plesk.page\/product\/ovalni-plutajuci-privjesak-za-kljuceve-od-pluta\/"},"modified":"2026-02-25T00:00:41","modified_gmt":"2026-02-25T00:00:41","slug":"ovalni-plutajuci-privjesak-za-kljuceve-od-pluta","status":"publish","type":"product","link":"https:\/\/stoic-curie.212-227-153-4.plesk.page\/hr\/product\/ovalni-plutajuci-privjesak-za-kljuceve-od-pluta\/","title":{"rendered":"Ovalni plutajuci privjesak za kljuceve od pluta"},"content":{"rendered":"<p>Ovalni plutajuci privjesak za kljuceve od pluta &#8211; Plutaju\u0107i privjesak za klju\u010deve od pluta. Ovalni s plavom pjenastom ulo\u0161kom. 80 x 50 mm.<\/p>\n","protected":false},"excerpt":{"rendered":"<p>Ovalni plutajuci privjesak za kljuceve od pluta &#8211; Plutaju\u0107i privjesak za klju\u010deve od pluta. Ovalni s plavom pjenastom ulo\u0161kom. 80<\/p>\n","protected":false},"featured_media":5937646,"comment_status":"closed","ping_status":"closed","template":"","meta":[],"product_brand":[3491],"product_cat":[1853],"product_tag":[],"class_list":{"0":"post-3687291","1":"product","2":"type-product","3":"status-publish","4":"has-post-thumbnail","6":"product_brand-trem-hr","7":"product_cat-nauticki-privjesci-za-kljuceve","9":"first","10":"instock","11":"shipping-taxable","12":"purchasable","13":"product-type-simple"},"_links":{"self":[{"href":"https:\/\/stoic-curie.212-227-153-4.plesk.page\/hr\/wp-json\/wp\/v2\/product\/3687291","targetHints":{"allow":["GET"]}}],"collection":[{"href":"https:\/\/stoic-curie.212-227-153-4.plesk.page\/hr\/wp-json\/wp\/v2\/product"}],"about":[{"href":"https:\/\/stoic-curie.212-227-153-4.plesk.page\/hr\/wp-json\/wp\/v2\/types\/product"}],"replies":[{"embeddable":true,"href":"https:\/\/stoic-curie.212-227-153-4.plesk.page\/hr\/wp-json\/wp\/v2\/comments?post=3687291"}],"version-history":[{"count":0,"href":"https:\/\/stoic-curie.212-227-153-4.plesk.page\/hr\/wp-json\/wp\/v2\/product\/3687291\/revisions"}],"wp:featuredmedia":[{"embeddable":true,"href":"https:\/\/stoic-curie.212-227-153-4.plesk.page\/hr\/wp-json\/wp\/v2\/media\/5937646"}],"wp:attachment":[{"href":"https:\/\/stoic-curie.212-227-153-4.plesk.page\/hr\/wp-json\/wp\/v2\/media?parent=3687291"}],"wp:term":[{"taxonomy":"product_brand","embeddable":true,"href":"https:\/\/stoic-curie.212-227-153-4.plesk.page\/hr\/wp-json\/wp\/v2\/product_brand?post=3687291"},{"taxonomy":"product_cat","embeddable":true,"href":"https:\/\/stoic-curie.212-227-153-4.plesk.page\/hr\/wp-json\/wp\/v2\/product_cat?post=3687291"},{"taxonomy":"product_tag","embeddable":true,"href":"https:\/\/stoic-curie.212-227-153-4.plesk.page\/hr\/wp-json\/wp\/v2\/product_tag?post=3687291"}],"curies":[{"name":"wp","href":"https:\/\/api.w.org\/{rel}","templated":true}]}}