{"id":3687300,"date":"2025-10-13T13:29:15","date_gmt":"2025-10-13T17:29:15","guid":{"rendered":"https:\/\/stoic-curie.212-227-153-4.plesk.page\/product\/filter-za-gorivo-za-volvo-renault-vetus\/"},"modified":"2026-02-25T00:00:41","modified_gmt":"2026-02-25T00:00:41","slug":"filter-za-gorivo-za-volvo-renault-vetus","status":"publish","type":"product","link":"https:\/\/stoic-curie.212-227-153-4.plesk.page\/hr\/product\/filter-za-gorivo-za-volvo-renault-vetus\/","title":{"rendered":"Filter za gorivo za Volvo, Renault, Vetus"},"content":{"rendered":"<p>Filter za gorivo za Volvo, Renault, Vetus &#8211; Kartu\u0161a gorivnog ulja od papira dimenzija: promjer 78 mm s rupom od 1 mm \u00d8, promjer 19 mm s rupom od 2 mm \u00d8, visina 71 mm.<\/p>\n","protected":false},"excerpt":{"rendered":"<p>Filter za gorivo za Volvo, Renault, Vetus &#8211; Kartu\u0161a gorivnog ulja od papira dimenzija: promjer 78 mm s rupom od<\/p>\n","protected":false},"featured_media":5937653,"comment_status":"closed","ping_status":"closed","template":"","meta":[],"product_brand":[3391],"product_cat":[1829],"product_tag":[],"class_list":{"0":"post-3687300","1":"product","2":"type-product","3":"status-publish","4":"has-post-thumbnail","6":"product_brand-sierra-marine-hr","7":"product_cat-rezervni-dijelovi-za-motore-volvo-penta","9":"first","10":"instock","11":"shipping-taxable","12":"purchasable","13":"product-type-simple"},"_links":{"self":[{"href":"https:\/\/stoic-curie.212-227-153-4.plesk.page\/hr\/wp-json\/wp\/v2\/product\/3687300","targetHints":{"allow":["GET"]}}],"collection":[{"href":"https:\/\/stoic-curie.212-227-153-4.plesk.page\/hr\/wp-json\/wp\/v2\/product"}],"about":[{"href":"https:\/\/stoic-curie.212-227-153-4.plesk.page\/hr\/wp-json\/wp\/v2\/types\/product"}],"replies":[{"embeddable":true,"href":"https:\/\/stoic-curie.212-227-153-4.plesk.page\/hr\/wp-json\/wp\/v2\/comments?post=3687300"}],"version-history":[{"count":0,"href":"https:\/\/stoic-curie.212-227-153-4.plesk.page\/hr\/wp-json\/wp\/v2\/product\/3687300\/revisions"}],"wp:featuredmedia":[{"embeddable":true,"href":"https:\/\/stoic-curie.212-227-153-4.plesk.page\/hr\/wp-json\/wp\/v2\/media\/5937653"}],"wp:attachment":[{"href":"https:\/\/stoic-curie.212-227-153-4.plesk.page\/hr\/wp-json\/wp\/v2\/media?parent=3687300"}],"wp:term":[{"taxonomy":"product_brand","embeddable":true,"href":"https:\/\/stoic-curie.212-227-153-4.plesk.page\/hr\/wp-json\/wp\/v2\/product_brand?post=3687300"},{"taxonomy":"product_cat","embeddable":true,"href":"https:\/\/stoic-curie.212-227-153-4.plesk.page\/hr\/wp-json\/wp\/v2\/product_cat?post=3687300"},{"taxonomy":"product_tag","embeddable":true,"href":"https:\/\/stoic-curie.212-227-153-4.plesk.page\/hr\/wp-json\/wp\/v2\/product_tag?post=3687300"}],"curies":[{"name":"wp","href":"https:\/\/api.w.org\/{rel}","templated":true}]}}