{"id":3687302,"date":"2025-10-13T13:29:16","date_gmt":"2025-10-13T17:29:16","guid":{"rendered":"https:\/\/stoic-curie.212-227-153-4.plesk.page\/product\/prosirivi-cepovi-za-odvod-s-mesinganom-rukom-od-222-mm\/"},"modified":"2026-02-25T00:00:41","modified_gmt":"2026-02-25T00:00:41","slug":"prosirivi-cepovi-za-odvod-s-mesinganom-rukom-od-222-mm","status":"publish","type":"product","link":"https:\/\/stoic-curie.212-227-153-4.plesk.page\/hr\/product\/prosirivi-cepovi-za-odvod-s-mesinganom-rukom-od-222-mm\/","title":{"rendered":"Pro\u0161irivi cepovi za odvod s mesinganom rukom od 22,2 mm"},"content":{"rendered":"<p>Pro\u0161irivi cepovi za odvod s mesinganom rukom od 22,2 mm &#8211; Pro\u0161irive odvodne \u010depove od mesinga i gume. S mikrometrijskom prilagodbom.<\/p>\n","protected":false},"excerpt":{"rendered":"<p>Pro\u0161irivi cepovi za odvod s mesinganom rukom od 22,2 mm &#8211; Pro\u0161irive odvodne \u010depove od mesinga i gume. S mikrometrijskom<\/p>\n","protected":false},"featured_media":5937655,"comment_status":"closed","ping_status":"closed","template":"","meta":[],"product_brand":[3236],"product_cat":[1667],"product_tag":[],"class_list":{"0":"post-3687302","1":"product","2":"type-product","3":"status-publish","4":"has-post-thumbnail","6":"product_brand-osculati-hr","7":"product_cat-odvodni-cepovi","9":"first","10":"instock","11":"shipping-taxable","12":"purchasable","13":"product-type-simple"},"_links":{"self":[{"href":"https:\/\/stoic-curie.212-227-153-4.plesk.page\/hr\/wp-json\/wp\/v2\/product\/3687302","targetHints":{"allow":["GET"]}}],"collection":[{"href":"https:\/\/stoic-curie.212-227-153-4.plesk.page\/hr\/wp-json\/wp\/v2\/product"}],"about":[{"href":"https:\/\/stoic-curie.212-227-153-4.plesk.page\/hr\/wp-json\/wp\/v2\/types\/product"}],"replies":[{"embeddable":true,"href":"https:\/\/stoic-curie.212-227-153-4.plesk.page\/hr\/wp-json\/wp\/v2\/comments?post=3687302"}],"version-history":[{"count":0,"href":"https:\/\/stoic-curie.212-227-153-4.plesk.page\/hr\/wp-json\/wp\/v2\/product\/3687302\/revisions"}],"wp:featuredmedia":[{"embeddable":true,"href":"https:\/\/stoic-curie.212-227-153-4.plesk.page\/hr\/wp-json\/wp\/v2\/media\/5937655"}],"wp:attachment":[{"href":"https:\/\/stoic-curie.212-227-153-4.plesk.page\/hr\/wp-json\/wp\/v2\/media?parent=3687302"}],"wp:term":[{"taxonomy":"product_brand","embeddable":true,"href":"https:\/\/stoic-curie.212-227-153-4.plesk.page\/hr\/wp-json\/wp\/v2\/product_brand?post=3687302"},{"taxonomy":"product_cat","embeddable":true,"href":"https:\/\/stoic-curie.212-227-153-4.plesk.page\/hr\/wp-json\/wp\/v2\/product_cat?post=3687302"},{"taxonomy":"product_tag","embeddable":true,"href":"https:\/\/stoic-curie.212-227-153-4.plesk.page\/hr\/wp-json\/wp\/v2\/product_tag?post=3687302"}],"curies":[{"name":"wp","href":"https:\/\/api.w.org\/{rel}","templated":true}]}}