{"id":3687310,"date":"2025-10-13T13:29:18","date_gmt":"2025-10-13T17:29:18","guid":{"rendered":"https:\/\/stoic-curie.212-227-153-4.plesk.page\/product\/aluminijska-prstenasta-aoda-za-bravo-i-d70-x-h22mm-806188-q1\/"},"modified":"2026-02-25T00:00:41","modified_gmt":"2026-02-25T00:00:41","slug":"aluminijska-prstenasta-aoda-za-bravo-i-d70-x-h22mm-806188-q1","status":"publish","type":"product","link":"https:\/\/stoic-curie.212-227-153-4.plesk.page\/hr\/product\/aluminijska-prstenasta-aoda-za-bravo-i-d70-x-h22mm-806188-q1\/","title":{"rendered":"Aluminijska prstenasta aoda za Bravo I D70 x H22mm 806188 Q1"},"content":{"rendered":"<p>Aluminijska prstenasta aoda za Bravo I D70 x H22mm 806188 Q1 &#8211; <\/p>\n<p>Martyr aluminijski M2 legura anode za Mercruiser motore za stra\u017enji pogon. \u00e2\u0080\u00a2 \u0160titi 50% du\u017ee od tradicionalne cinkove anode \u00e2\u0080\u00a2 Te\u017ei 50% manje od tradicionalnih cinkovih anoda <\/p>\n","protected":false},"excerpt":{"rendered":"<p>Aluminijska prstenasta aoda za Bravo I D70 x H22mm 806188 Q1 &#8211; Martyr aluminijski M2 legura anode za Mercruiser motore<\/p>\n","protected":false},"featured_media":5937665,"comment_status":"closed","ping_status":"closed","template":"","meta":[],"product_brand":[3126],"product_cat":[1830],"product_tag":[],"class_list":{"0":"post-3687310","1":"product","2":"type-product","3":"status-publish","4":"has-post-thumbnail","6":"product_brand-martyr-hr","7":"product_cat-rezervni-dijelovi-za-vanbrodske-motore-mercruiser","9":"first","10":"outofstock","11":"shipping-taxable","12":"purchasable","13":"product-type-simple"},"_links":{"self":[{"href":"https:\/\/stoic-curie.212-227-153-4.plesk.page\/hr\/wp-json\/wp\/v2\/product\/3687310","targetHints":{"allow":["GET"]}}],"collection":[{"href":"https:\/\/stoic-curie.212-227-153-4.plesk.page\/hr\/wp-json\/wp\/v2\/product"}],"about":[{"href":"https:\/\/stoic-curie.212-227-153-4.plesk.page\/hr\/wp-json\/wp\/v2\/types\/product"}],"replies":[{"embeddable":true,"href":"https:\/\/stoic-curie.212-227-153-4.plesk.page\/hr\/wp-json\/wp\/v2\/comments?post=3687310"}],"version-history":[{"count":0,"href":"https:\/\/stoic-curie.212-227-153-4.plesk.page\/hr\/wp-json\/wp\/v2\/product\/3687310\/revisions"}],"wp:featuredmedia":[{"embeddable":true,"href":"https:\/\/stoic-curie.212-227-153-4.plesk.page\/hr\/wp-json\/wp\/v2\/media\/5937665"}],"wp:attachment":[{"href":"https:\/\/stoic-curie.212-227-153-4.plesk.page\/hr\/wp-json\/wp\/v2\/media?parent=3687310"}],"wp:term":[{"taxonomy":"product_brand","embeddable":true,"href":"https:\/\/stoic-curie.212-227-153-4.plesk.page\/hr\/wp-json\/wp\/v2\/product_brand?post=3687310"},{"taxonomy":"product_cat","embeddable":true,"href":"https:\/\/stoic-curie.212-227-153-4.plesk.page\/hr\/wp-json\/wp\/v2\/product_cat?post=3687310"},{"taxonomy":"product_tag","embeddable":true,"href":"https:\/\/stoic-curie.212-227-153-4.plesk.page\/hr\/wp-json\/wp\/v2\/product_tag?post=3687310"}],"curies":[{"name":"wp","href":"https:\/\/api.w.org\/{rel}","templated":true}]}}