{"id":3687320,"date":"2025-10-13T13:29:20","date_gmt":"2025-10-13T17:29:20","guid":{"rendered":"https:\/\/stoic-curie.212-227-153-4.plesk.page\/product\/svjecice-champion-rc7pycb\/"},"modified":"2026-02-25T00:00:41","modified_gmt":"2026-02-25T00:00:41","slug":"svjecice-champion-rc7pycb","status":"publish","type":"product","link":"https:\/\/stoic-curie.212-227-153-4.plesk.page\/hr\/product\/svjecice-champion-rc7pycb\/","title":{"rendered":"Svje\u010dice Champion RC7PYCB"},"content":{"rendered":"<p>Svje\u010dice Champion RC7PYCB &#8211; Svje\u0107ice Champion RC7PYCB &#8211; Visoko u\u010dinkovite svje\u0107ice dizajnirane za optimalnu u\u010dinkovitost i performanse va\u0161eg vozila.<\/p>\n","protected":false},"excerpt":{"rendered":"<p>Svje\u010dice Champion RC7PYCB &#8211; Svje\u0107ice Champion RC7PYCB &#8211; Visoko u\u010dinkovite svje\u0107ice dizajnirane za optimalnu u\u010dinkovitost i performanse va\u0161eg vozila.<\/p>\n","protected":false},"featured_media":5937674,"comment_status":"closed","ping_status":"closed","template":"","meta":[],"product_brand":[3236],"product_cat":[1819],"product_tag":[],"class_list":{"0":"post-3687320","1":"product","2":"type-product","3":"status-publish","4":"has-post-thumbnail","6":"product_brand-osculati-hr","7":"product_cat-brodske-svjecice","9":"first","10":"instock","11":"shipping-taxable","12":"purchasable","13":"product-type-simple"},"_links":{"self":[{"href":"https:\/\/stoic-curie.212-227-153-4.plesk.page\/hr\/wp-json\/wp\/v2\/product\/3687320","targetHints":{"allow":["GET"]}}],"collection":[{"href":"https:\/\/stoic-curie.212-227-153-4.plesk.page\/hr\/wp-json\/wp\/v2\/product"}],"about":[{"href":"https:\/\/stoic-curie.212-227-153-4.plesk.page\/hr\/wp-json\/wp\/v2\/types\/product"}],"replies":[{"embeddable":true,"href":"https:\/\/stoic-curie.212-227-153-4.plesk.page\/hr\/wp-json\/wp\/v2\/comments?post=3687320"}],"version-history":[{"count":0,"href":"https:\/\/stoic-curie.212-227-153-4.plesk.page\/hr\/wp-json\/wp\/v2\/product\/3687320\/revisions"}],"wp:featuredmedia":[{"embeddable":true,"href":"https:\/\/stoic-curie.212-227-153-4.plesk.page\/hr\/wp-json\/wp\/v2\/media\/5937674"}],"wp:attachment":[{"href":"https:\/\/stoic-curie.212-227-153-4.plesk.page\/hr\/wp-json\/wp\/v2\/media?parent=3687320"}],"wp:term":[{"taxonomy":"product_brand","embeddable":true,"href":"https:\/\/stoic-curie.212-227-153-4.plesk.page\/hr\/wp-json\/wp\/v2\/product_brand?post=3687320"},{"taxonomy":"product_cat","embeddable":true,"href":"https:\/\/stoic-curie.212-227-153-4.plesk.page\/hr\/wp-json\/wp\/v2\/product_cat?post=3687320"},{"taxonomy":"product_tag","embeddable":true,"href":"https:\/\/stoic-curie.212-227-153-4.plesk.page\/hr\/wp-json\/wp\/v2\/product_tag?post=3687320"}],"curies":[{"name":"wp","href":"https:\/\/api.w.org\/{rel}","templated":true}]}}