{"id":3687322,"date":"2025-10-13T13:29:21","date_gmt":"2025-10-13T17:29:21","guid":{"rendered":"https:\/\/stoic-curie.212-227-153-4.plesk.page\/product\/podvodno-led-svjetlo-6-x-3w-plavo\/"},"modified":"2026-02-25T00:00:41","modified_gmt":"2026-02-25T00:00:41","slug":"podvodno-led-svjetlo-6-x-3w-plavo","status":"publish","type":"product","link":"https:\/\/stoic-curie.212-227-153-4.plesk.page\/hr\/product\/podvodno-led-svjetlo-6-x-3w-plavo\/","title":{"rendered":"Podvodno LED svjetlo 6 x 3W plavo"},"content":{"rendered":"<p>Podvodno LED svjetlo 6 x 3W plavo &#8211; LED svjetlo za podvodnu upotrebu 6 x 3W, od AISI 316 nehr\u0111aju\u0107eg \u010delika. Monta\u017ea na krmi. 15W. Trajanje 50000 sati. Dolazi s 1,5 m kablom. IP68 vodootporno. Hladno svjetlo 5500-6300 Kelvin. Instalacija ispod razine vode. (Osigurajte prolaz vode izme\u0111u svjetla i trupa radi pravilnog hla\u0111enja svjetla)<\/p>\n","protected":false},"excerpt":{"rendered":"<p>Podvodno LED svjetlo 6 x 3W plavo &#8211; LED svjetlo za podvodnu upotrebu 6 x 3W, od AISI 316 nehr\u0111aju\u0107eg<\/p>\n","protected":false},"featured_media":5937677,"comment_status":"closed","ping_status":"closed","template":"","meta":[],"product_brand":[3221],"product_cat":[1731],"product_tag":[],"class_list":{"0":"post-3687322","1":"product","2":"type-product","3":"status-publish","4":"has-post-thumbnail","6":"product_brand-oceanled-hr","7":"product_cat-uronjiva-led-svjetla","9":"first","10":"instock","11":"shipping-taxable","12":"purchasable","13":"product-type-simple"},"_links":{"self":[{"href":"https:\/\/stoic-curie.212-227-153-4.plesk.page\/hr\/wp-json\/wp\/v2\/product\/3687322","targetHints":{"allow":["GET"]}}],"collection":[{"href":"https:\/\/stoic-curie.212-227-153-4.plesk.page\/hr\/wp-json\/wp\/v2\/product"}],"about":[{"href":"https:\/\/stoic-curie.212-227-153-4.plesk.page\/hr\/wp-json\/wp\/v2\/types\/product"}],"replies":[{"embeddable":true,"href":"https:\/\/stoic-curie.212-227-153-4.plesk.page\/hr\/wp-json\/wp\/v2\/comments?post=3687322"}],"version-history":[{"count":0,"href":"https:\/\/stoic-curie.212-227-153-4.plesk.page\/hr\/wp-json\/wp\/v2\/product\/3687322\/revisions"}],"wp:featuredmedia":[{"embeddable":true,"href":"https:\/\/stoic-curie.212-227-153-4.plesk.page\/hr\/wp-json\/wp\/v2\/media\/5937677"}],"wp:attachment":[{"href":"https:\/\/stoic-curie.212-227-153-4.plesk.page\/hr\/wp-json\/wp\/v2\/media?parent=3687322"}],"wp:term":[{"taxonomy":"product_brand","embeddable":true,"href":"https:\/\/stoic-curie.212-227-153-4.plesk.page\/hr\/wp-json\/wp\/v2\/product_brand?post=3687322"},{"taxonomy":"product_cat","embeddable":true,"href":"https:\/\/stoic-curie.212-227-153-4.plesk.page\/hr\/wp-json\/wp\/v2\/product_cat?post=3687322"},{"taxonomy":"product_tag","embeddable":true,"href":"https:\/\/stoic-curie.212-227-153-4.plesk.page\/hr\/wp-json\/wp\/v2\/product_tag?post=3687322"}],"curies":[{"name":"wp","href":"https:\/\/api.w.org\/{rel}","templated":true}]}}