{"id":3687324,"date":"2025-10-13T13:29:21","date_gmt":"2025-10-13T17:29:21","guid":{"rendered":"https:\/\/stoic-curie.212-227-153-4.plesk.page\/product\/pricvrsni-okov-za-skijanje-na-vodi-s-rina-odobrenjem\/"},"modified":"2026-02-25T00:00:41","modified_gmt":"2026-02-25T00:00:41","slug":"pricvrsni-okov-za-skijanje-na-vodi-s-rina-odobrenjem","status":"publish","type":"product","link":"https:\/\/stoic-curie.212-227-153-4.plesk.page\/hr\/product\/pricvrsni-okov-za-skijanje-na-vodi-s-rina-odobrenjem\/","title":{"rendered":"Pri\u010dvrsni okov za skijanje na vodi s RINA odobrenjem"},"content":{"rendered":"<p>Pri\u010dvrsni okov za skijanje na vodi s RINA odobrenjem &#8211; <\/p>\n<p>Brzi spojnik za vu\u010du skija od nehr\u0111aju\u0107eg \u010delika 316.<\/p>\n","protected":false},"excerpt":{"rendered":"<p>Pri\u010dvrsni okov za skijanje na vodi s RINA odobrenjem &#8211; Brzi spojnik za vu\u010du skija od nehr\u0111aju\u0107eg \u010delika 316.<\/p>\n","protected":false},"featured_media":5937682,"comment_status":"closed","ping_status":"closed","template":"","meta":[],"product_brand":[3051],"product_cat":[1846],"product_tag":[],"class_list":{"0":"post-3687324","1":"product","2":"type-product","3":"status-publish","4":"has-post-thumbnail","6":"product_brand-kong-hr","7":"product_cat-oprema-za-skijanje-na-vodi","9":"first","10":"instock","11":"shipping-taxable","12":"purchasable","13":"product-type-simple"},"_links":{"self":[{"href":"https:\/\/stoic-curie.212-227-153-4.plesk.page\/hr\/wp-json\/wp\/v2\/product\/3687324","targetHints":{"allow":["GET"]}}],"collection":[{"href":"https:\/\/stoic-curie.212-227-153-4.plesk.page\/hr\/wp-json\/wp\/v2\/product"}],"about":[{"href":"https:\/\/stoic-curie.212-227-153-4.plesk.page\/hr\/wp-json\/wp\/v2\/types\/product"}],"replies":[{"embeddable":true,"href":"https:\/\/stoic-curie.212-227-153-4.plesk.page\/hr\/wp-json\/wp\/v2\/comments?post=3687324"}],"version-history":[{"count":0,"href":"https:\/\/stoic-curie.212-227-153-4.plesk.page\/hr\/wp-json\/wp\/v2\/product\/3687324\/revisions"}],"wp:featuredmedia":[{"embeddable":true,"href":"https:\/\/stoic-curie.212-227-153-4.plesk.page\/hr\/wp-json\/wp\/v2\/media\/5937682"}],"wp:attachment":[{"href":"https:\/\/stoic-curie.212-227-153-4.plesk.page\/hr\/wp-json\/wp\/v2\/media?parent=3687324"}],"wp:term":[{"taxonomy":"product_brand","embeddable":true,"href":"https:\/\/stoic-curie.212-227-153-4.plesk.page\/hr\/wp-json\/wp\/v2\/product_brand?post=3687324"},{"taxonomy":"product_cat","embeddable":true,"href":"https:\/\/stoic-curie.212-227-153-4.plesk.page\/hr\/wp-json\/wp\/v2\/product_cat?post=3687324"},{"taxonomy":"product_tag","embeddable":true,"href":"https:\/\/stoic-curie.212-227-153-4.plesk.page\/hr\/wp-json\/wp\/v2\/product_tag?post=3687324"}],"curies":[{"name":"wp","href":"https:\/\/api.w.org\/{rel}","templated":true}]}}