{"id":3687327,"date":"2025-10-13T13:29:21","date_gmt":"2025-10-13T17:29:21","guid":{"rendered":"https:\/\/stoic-curie.212-227-153-4.plesk.page\/product\/maskirna-traka-plava-3m-scotch-2090-48-mm-x-50-m\/"},"modified":"2026-02-25T00:00:41","modified_gmt":"2026-02-25T00:00:41","slug":"maskirna-traka-plava-3m-scotch-2090-48-mm-x-50-m","status":"publish","type":"product","link":"https:\/\/stoic-curie.212-227-153-4.plesk.page\/hr\/product\/maskirna-traka-plava-3m-scotch-2090-48-mm-x-50-m\/","title":{"rendered":"Maskirna traka plava 3M Scotch 2090 48 mm x 50 m"},"content":{"rendered":"<p>Maskirna traka plava 3M Scotch 2090 48 mm x 50 m &#8211; <\/p>\n<p>3M Scotch 2090 dugotrajna masking traka otporna na UV zrake i vlagu. Idealna za dugoro\u010dne radove, odvoji se bez ostavljanja ostataka do mjesec dana nakon primjene ili tjedan dana ako je izlo\u017eena sun\u010devoj svjetlosti. Sinteti\u010dko akrilno ljepilo otporno na temperature do 60 \u00b0C. Debljina 0,120 mm.<\/p>\n","protected":false},"excerpt":{"rendered":"<p>Maskirna traka plava 3M Scotch 2090 48 mm x 50 m &#8211; 3M Scotch 2090 dugotrajna masking traka otporna na<\/p>\n","protected":false},"featured_media":5937687,"comment_status":"closed","ping_status":"closed","template":"","meta":[],"product_brand":[2771],"product_cat":[1632,1627],"product_tag":[],"class_list":{"0":"post-3687327","1":"product","2":"type-product","3":"status-publish","4":"has-post-thumbnail","6":"product_brand-3m-marine-hr","7":"product_cat-alati-za-bojanje","8":"product_cat-vrpce-za-popravak","10":"first","11":"instock","12":"shipping-taxable","13":"purchasable","14":"product-type-simple"},"_links":{"self":[{"href":"https:\/\/stoic-curie.212-227-153-4.plesk.page\/hr\/wp-json\/wp\/v2\/product\/3687327","targetHints":{"allow":["GET"]}}],"collection":[{"href":"https:\/\/stoic-curie.212-227-153-4.plesk.page\/hr\/wp-json\/wp\/v2\/product"}],"about":[{"href":"https:\/\/stoic-curie.212-227-153-4.plesk.page\/hr\/wp-json\/wp\/v2\/types\/product"}],"replies":[{"embeddable":true,"href":"https:\/\/stoic-curie.212-227-153-4.plesk.page\/hr\/wp-json\/wp\/v2\/comments?post=3687327"}],"version-history":[{"count":0,"href":"https:\/\/stoic-curie.212-227-153-4.plesk.page\/hr\/wp-json\/wp\/v2\/product\/3687327\/revisions"}],"wp:featuredmedia":[{"embeddable":true,"href":"https:\/\/stoic-curie.212-227-153-4.plesk.page\/hr\/wp-json\/wp\/v2\/media\/5937687"}],"wp:attachment":[{"href":"https:\/\/stoic-curie.212-227-153-4.plesk.page\/hr\/wp-json\/wp\/v2\/media?parent=3687327"}],"wp:term":[{"taxonomy":"product_brand","embeddable":true,"href":"https:\/\/stoic-curie.212-227-153-4.plesk.page\/hr\/wp-json\/wp\/v2\/product_brand?post=3687327"},{"taxonomy":"product_cat","embeddable":true,"href":"https:\/\/stoic-curie.212-227-153-4.plesk.page\/hr\/wp-json\/wp\/v2\/product_cat?post=3687327"},{"taxonomy":"product_tag","embeddable":true,"href":"https:\/\/stoic-curie.212-227-153-4.plesk.page\/hr\/wp-json\/wp\/v2\/product_tag?post=3687327"}],"curies":[{"name":"wp","href":"https:\/\/api.w.org\/{rel}","templated":true}]}}