{"id":3687350,"date":"2025-10-13T13:29:26","date_gmt":"2025-10-13T17:29:26","guid":{"rendered":"https:\/\/stoic-curie.212-227-153-4.plesk.page\/product\/ravni-d-skopac-od-nehrdajuceg-celika-12mm\/"},"modified":"2026-02-25T00:00:41","modified_gmt":"2026-02-25T00:00:41","slug":"ravni-d-skopac-od-nehrdajuceg-celika-12mm","status":"publish","type":"product","link":"https:\/\/stoic-curie.212-227-153-4.plesk.page\/hr\/product\/ravni-d-skopac-od-nehrdajuceg-celika-12mm\/","title":{"rendered":"Ravni (D) \u0161kopac od nehr\u0111aju\u0107eg \u010delika 12mm"},"content":{"rendered":"<p>Ravni (D) \u0161kopac od nehr\u0111aju\u0107eg \u010delika 12mm &#8211; <\/p>\n<p>Testiranje paginacije isklju\u010divo u svrhu testiranja. Testiranje paginacije isklju\u010divo u svrhu testiranja. Testiranje paginacije isklju\u010divo u svrhu testiranja. Testiranje paginacije isklju\u010divo u svrhu testiranja. Testiranje paginacije isklju\u010divo u svrhu testiranja. Testiranje paginacije isklju\u010divo u svrhu testiranja. Testiranje paginacije isklju\u010divo u svrhu testiranja.<\/p>\n","protected":false},"excerpt":{"rendered":"<p>Ravni (D) \u0161kopac od nehr\u0111aju\u0107eg \u010delika 12mm &#8211; Testiranje paginacije isklju\u010divo u svrhu testiranja. Testiranje paginacije isklju\u010divo u svrhu testiranja.<\/p>\n","protected":false},"featured_media":5937703,"comment_status":"closed","ping_status":"closed","template":"","meta":[],"product_brand":[3121],"product_cat":[1693],"product_tag":[],"class_list":{"0":"post-3687350","1":"product","2":"type-product","3":"status-publish","4":"has-post-thumbnail","6":"product_brand-marinetech-hr","7":"product_cat-okovi-od-nehrdajuceg-celika","9":"first","10":"instock","11":"shipping-taxable","12":"purchasable","13":"product-type-simple"},"_links":{"self":[{"href":"https:\/\/stoic-curie.212-227-153-4.plesk.page\/hr\/wp-json\/wp\/v2\/product\/3687350","targetHints":{"allow":["GET"]}}],"collection":[{"href":"https:\/\/stoic-curie.212-227-153-4.plesk.page\/hr\/wp-json\/wp\/v2\/product"}],"about":[{"href":"https:\/\/stoic-curie.212-227-153-4.plesk.page\/hr\/wp-json\/wp\/v2\/types\/product"}],"replies":[{"embeddable":true,"href":"https:\/\/stoic-curie.212-227-153-4.plesk.page\/hr\/wp-json\/wp\/v2\/comments?post=3687350"}],"version-history":[{"count":0,"href":"https:\/\/stoic-curie.212-227-153-4.plesk.page\/hr\/wp-json\/wp\/v2\/product\/3687350\/revisions"}],"wp:featuredmedia":[{"embeddable":true,"href":"https:\/\/stoic-curie.212-227-153-4.plesk.page\/hr\/wp-json\/wp\/v2\/media\/5937703"}],"wp:attachment":[{"href":"https:\/\/stoic-curie.212-227-153-4.plesk.page\/hr\/wp-json\/wp\/v2\/media?parent=3687350"}],"wp:term":[{"taxonomy":"product_brand","embeddable":true,"href":"https:\/\/stoic-curie.212-227-153-4.plesk.page\/hr\/wp-json\/wp\/v2\/product_brand?post=3687350"},{"taxonomy":"product_cat","embeddable":true,"href":"https:\/\/stoic-curie.212-227-153-4.plesk.page\/hr\/wp-json\/wp\/v2\/product_cat?post=3687350"},{"taxonomy":"product_tag","embeddable":true,"href":"https:\/\/stoic-curie.212-227-153-4.plesk.page\/hr\/wp-json\/wp\/v2\/product_tag?post=3687350"}],"curies":[{"name":"wp","href":"https:\/\/api.w.org\/{rel}","templated":true}]}}