{"id":3687361,"date":"2025-10-13T13:29:28","date_gmt":"2025-10-13T17:29:28","guid":{"rendered":"https:\/\/stoic-curie.212-227-153-4.plesk.page\/product\/produzeni-skopac-nehrdajuci-celik-8mm-vijak-za-zatvaranje\/"},"modified":"2026-02-25T00:00:41","modified_gmt":"2026-02-25T00:00:41","slug":"produzeni-skopac-nehrdajuci-celik-8mm-vijak-za-zatvaranje","status":"publish","type":"product","link":"https:\/\/stoic-curie.212-227-153-4.plesk.page\/hr\/product\/produzeni-skopac-nehrdajuci-celik-8mm-vijak-za-zatvaranje\/","title":{"rendered":"Produ\u017eeni \u0161kopac, nehr\u0111aju\u0107i \u010delik, 8mm, vijak za zatvaranje"},"content":{"rendered":"<p>Produ\u017eeni \u0161kopac, nehr\u0111aju\u0107i \u010delik, 8mm, vijak za zatvaranje &#8211; <\/p>\n<p>Dugi Dee okov s u\u010dvr\u0161\u0107enom iglom od nehr\u0111aju\u0107eg \u010delika 316.<\/p>\n","protected":false},"excerpt":{"rendered":"<p>Produ\u017eeni \u0161kopac, nehr\u0111aju\u0107i \u010delik, 8mm, vijak za zatvaranje &#8211; Dugi Dee okov s u\u010dvr\u0161\u0107enom iglom od nehr\u0111aju\u0107eg \u010delika 316.<\/p>\n","protected":false},"featured_media":5937714,"comment_status":"closed","ping_status":"closed","template":"","meta":[],"product_brand":[3121],"product_cat":[1693,1764],"product_tag":[],"class_list":{"0":"post-3687361","1":"product","2":"type-product","3":"status-publish","4":"has-post-thumbnail","6":"product_brand-marinetech-hr","7":"product_cat-okovi-od-nehrdajuceg-celika","8":"product_cat-snap-skopci-za-jedrilice","10":"first","11":"instock","12":"shipping-taxable","13":"purchasable","14":"product-type-simple"},"_links":{"self":[{"href":"https:\/\/stoic-curie.212-227-153-4.plesk.page\/hr\/wp-json\/wp\/v2\/product\/3687361","targetHints":{"allow":["GET"]}}],"collection":[{"href":"https:\/\/stoic-curie.212-227-153-4.plesk.page\/hr\/wp-json\/wp\/v2\/product"}],"about":[{"href":"https:\/\/stoic-curie.212-227-153-4.plesk.page\/hr\/wp-json\/wp\/v2\/types\/product"}],"replies":[{"embeddable":true,"href":"https:\/\/stoic-curie.212-227-153-4.plesk.page\/hr\/wp-json\/wp\/v2\/comments?post=3687361"}],"version-history":[{"count":0,"href":"https:\/\/stoic-curie.212-227-153-4.plesk.page\/hr\/wp-json\/wp\/v2\/product\/3687361\/revisions"}],"wp:featuredmedia":[{"embeddable":true,"href":"https:\/\/stoic-curie.212-227-153-4.plesk.page\/hr\/wp-json\/wp\/v2\/media\/5937714"}],"wp:attachment":[{"href":"https:\/\/stoic-curie.212-227-153-4.plesk.page\/hr\/wp-json\/wp\/v2\/media?parent=3687361"}],"wp:term":[{"taxonomy":"product_brand","embeddable":true,"href":"https:\/\/stoic-curie.212-227-153-4.plesk.page\/hr\/wp-json\/wp\/v2\/product_brand?post=3687361"},{"taxonomy":"product_cat","embeddable":true,"href":"https:\/\/stoic-curie.212-227-153-4.plesk.page\/hr\/wp-json\/wp\/v2\/product_cat?post=3687361"},{"taxonomy":"product_tag","embeddable":true,"href":"https:\/\/stoic-curie.212-227-153-4.plesk.page\/hr\/wp-json\/wp\/v2\/product_tag?post=3687361"}],"curies":[{"name":"wp","href":"https:\/\/api.w.org\/{rel}","templated":true}]}}