{"id":3687386,"date":"2025-10-13T13:29:34","date_gmt":"2025-10-13T17:29:34","guid":{"rendered":"https:\/\/stoic-curie.212-227-153-4.plesk.page\/product\/hs-dugi-kovani-d-skopac-5x22mm-ss\/"},"modified":"2026-02-25T00:00:41","modified_gmt":"2026-02-25T00:00:41","slug":"hs-dugi-kovani-d-skopac-5x22mm-ss","status":"publish","type":"product","link":"https:\/\/stoic-curie.212-227-153-4.plesk.page\/hr\/product\/hs-dugi-kovani-d-skopac-5x22mm-ss\/","title":{"rendered":"Hs dugi kovani D \u0161kopac 5x22mm ss"},"content":{"rendered":"<p>Hs dugi kovani D \u0161kopac 5x22mm ss &#8211; <\/p>\n<p>\u0160tampiljani HS Dee spojni element od nehr\u0111aju\u0107eg \u010delika 316, \u0161irok. Testirano radno optere\u0107enje (WL). Otpornost na kidanje (BL) je \u010detiri puta ve\u0107a od radnog optere\u0107enja.<\/p>\n","protected":false},"excerpt":{"rendered":"<p>Hs dugi kovani D \u0161kopac 5x22mm ss &#8211; \u0160tampiljani HS Dee spojni element od nehr\u0111aju\u0107eg \u010delika 316, \u0161irok. Testirano radno<\/p>\n","protected":false},"featured_media":5937757,"comment_status":"closed","ping_status":"closed","template":"","meta":[],"product_brand":[3431],"product_cat":[1693,1764],"product_tag":[],"class_list":{"0":"post-3687386","1":"product","2":"type-product","3":"status-publish","4":"has-post-thumbnail","6":"product_brand-sprenger-hs-hr","7":"product_cat-okovi-od-nehrdajuceg-celika","8":"product_cat-snap-skopci-za-jedrilice","10":"first","11":"instock","12":"shipping-taxable","13":"purchasable","14":"product-type-simple"},"_links":{"self":[{"href":"https:\/\/stoic-curie.212-227-153-4.plesk.page\/hr\/wp-json\/wp\/v2\/product\/3687386","targetHints":{"allow":["GET"]}}],"collection":[{"href":"https:\/\/stoic-curie.212-227-153-4.plesk.page\/hr\/wp-json\/wp\/v2\/product"}],"about":[{"href":"https:\/\/stoic-curie.212-227-153-4.plesk.page\/hr\/wp-json\/wp\/v2\/types\/product"}],"replies":[{"embeddable":true,"href":"https:\/\/stoic-curie.212-227-153-4.plesk.page\/hr\/wp-json\/wp\/v2\/comments?post=3687386"}],"version-history":[{"count":0,"href":"https:\/\/stoic-curie.212-227-153-4.plesk.page\/hr\/wp-json\/wp\/v2\/product\/3687386\/revisions"}],"wp:featuredmedia":[{"embeddable":true,"href":"https:\/\/stoic-curie.212-227-153-4.plesk.page\/hr\/wp-json\/wp\/v2\/media\/5937757"}],"wp:attachment":[{"href":"https:\/\/stoic-curie.212-227-153-4.plesk.page\/hr\/wp-json\/wp\/v2\/media?parent=3687386"}],"wp:term":[{"taxonomy":"product_brand","embeddable":true,"href":"https:\/\/stoic-curie.212-227-153-4.plesk.page\/hr\/wp-json\/wp\/v2\/product_brand?post=3687386"},{"taxonomy":"product_cat","embeddable":true,"href":"https:\/\/stoic-curie.212-227-153-4.plesk.page\/hr\/wp-json\/wp\/v2\/product_cat?post=3687386"},{"taxonomy":"product_tag","embeddable":true,"href":"https:\/\/stoic-curie.212-227-153-4.plesk.page\/hr\/wp-json\/wp\/v2\/product_tag?post=3687386"}],"curies":[{"name":"wp","href":"https:\/\/api.w.org\/{rel}","templated":true}]}}