{"id":3687398,"date":"2025-10-13T13:29:37","date_gmt":"2025-10-13T17:29:37","guid":{"rendered":"https:\/\/stoic-curie.212-227-153-4.plesk.page\/product\/skopac-allenhead-8mm-za-lanac-i-sidro-od-nehrdajuceg-celika\/"},"modified":"2026-02-25T00:00:41","modified_gmt":"2026-02-25T00:00:41","slug":"skopac-allenhead-8mm-za-lanac-i-sidro-od-nehrdajuceg-celika","status":"publish","type":"product","link":"https:\/\/stoic-curie.212-227-153-4.plesk.page\/hr\/product\/skopac-allenhead-8mm-za-lanac-i-sidro-od-nehrdajuceg-celika\/","title":{"rendered":"\u0160kopac allenhead 8mm za lanac i sidro od nehr\u0111aju\u0107eg \u010delika"},"content":{"rendered":"<p>\u0160kopac allenhead 8mm za lanac i sidro od nehr\u0111aju\u0107eg \u010delika &#8211; <\/p>\n<p>\u0160uplji prsten od nehr\u0111aju\u0107eg \u010delika s imbus glavom. Koristi se kao spoj izme\u0111u lanca i sidra. Nekapsulirana igla omogu\u0107ava lako klizanje kroz valjak na pramcu.<\/p>\n","protected":false},"excerpt":{"rendered":"<p>\u0160kopac allenhead 8mm za lanac i sidro od nehr\u0111aju\u0107eg \u010delika &#8211; \u0160uplji prsten od nehr\u0111aju\u0107eg \u010delika s imbus glavom. Koristi<\/p>\n","protected":false},"featured_media":5937777,"comment_status":"closed","ping_status":"closed","template":"","meta":[],"product_brand":[3121],"product_cat":[1693],"product_tag":[],"class_list":{"0":"post-3687398","1":"product","2":"type-product","3":"status-publish","4":"has-post-thumbnail","6":"product_brand-marinetech-hr","7":"product_cat-okovi-od-nehrdajuceg-celika","9":"first","10":"instock","11":"shipping-taxable","12":"purchasable","13":"product-type-simple"},"_links":{"self":[{"href":"https:\/\/stoic-curie.212-227-153-4.plesk.page\/hr\/wp-json\/wp\/v2\/product\/3687398","targetHints":{"allow":["GET"]}}],"collection":[{"href":"https:\/\/stoic-curie.212-227-153-4.plesk.page\/hr\/wp-json\/wp\/v2\/product"}],"about":[{"href":"https:\/\/stoic-curie.212-227-153-4.plesk.page\/hr\/wp-json\/wp\/v2\/types\/product"}],"replies":[{"embeddable":true,"href":"https:\/\/stoic-curie.212-227-153-4.plesk.page\/hr\/wp-json\/wp\/v2\/comments?post=3687398"}],"version-history":[{"count":0,"href":"https:\/\/stoic-curie.212-227-153-4.plesk.page\/hr\/wp-json\/wp\/v2\/product\/3687398\/revisions"}],"wp:featuredmedia":[{"embeddable":true,"href":"https:\/\/stoic-curie.212-227-153-4.plesk.page\/hr\/wp-json\/wp\/v2\/media\/5937777"}],"wp:attachment":[{"href":"https:\/\/stoic-curie.212-227-153-4.plesk.page\/hr\/wp-json\/wp\/v2\/media?parent=3687398"}],"wp:term":[{"taxonomy":"product_brand","embeddable":true,"href":"https:\/\/stoic-curie.212-227-153-4.plesk.page\/hr\/wp-json\/wp\/v2\/product_brand?post=3687398"},{"taxonomy":"product_cat","embeddable":true,"href":"https:\/\/stoic-curie.212-227-153-4.plesk.page\/hr\/wp-json\/wp\/v2\/product_cat?post=3687398"},{"taxonomy":"product_tag","embeddable":true,"href":"https:\/\/stoic-curie.212-227-153-4.plesk.page\/hr\/wp-json\/wp\/v2\/product_tag?post=3687398"}],"curies":[{"name":"wp","href":"https:\/\/api.w.org\/{rel}","templated":true}]}}