{"id":3687407,"date":"2025-10-13T13:29:40","date_gmt":"2025-10-13T17:29:40","guid":{"rendered":"https:\/\/stoic-curie.212-227-153-4.plesk.page\/product\/okretni-zglob-za-sidro-od-nehrdajuceg-celika-profiliran-6-8mm\/"},"modified":"2026-02-25T00:00:41","modified_gmt":"2026-02-25T00:00:41","slug":"okretni-zglob-za-sidro-od-nehrdajuceg-celika-profiliran-6-8mm","status":"publish","type":"product","link":"https:\/\/stoic-curie.212-227-153-4.plesk.page\/hr\/product\/okretni-zglob-za-sidro-od-nehrdajuceg-celika-profiliran-6-8mm\/","title":{"rendered":"Okretni zglob za sidro od nehr\u0111aju\u0107eg \u010delika profiliran 6-8mm"},"content":{"rendered":"<p>Okretni zglob za sidro od nehr\u0111aju\u0107eg \u010delika profiliran 6-8mm &#8211; <\/p>\n<p>Pivotni priklju\u010dak od nehr\u0111aju\u0107eg \u010delika. Glatko se klizi preko sidri\u0161nih valjaka, sprje\u010davaju\u0107i zaplitanje lanca.<\/p>\n","protected":false},"excerpt":{"rendered":"<p>Okretni zglob za sidro od nehr\u0111aju\u0107eg \u010delika profiliran 6-8mm &#8211; Pivotni priklju\u010dak od nehr\u0111aju\u0107eg \u010delika. Glatko se klizi preko sidri\u0161nih<\/p>\n","protected":false},"featured_media":5937796,"comment_status":"closed","ping_status":"closed","template":"","meta":[],"product_brand":[3121],"product_cat":[1865],"product_tag":[],"class_list":{"0":"post-3687407","1":"product","2":"type-product","3":"status-publish","4":"has-post-thumbnail","6":"product_brand-marinetech-hr","7":"product_cat-vrtuljci-za-sidra","9":"first","10":"instock","11":"shipping-taxable","12":"purchasable","13":"product-type-simple"},"_links":{"self":[{"href":"https:\/\/stoic-curie.212-227-153-4.plesk.page\/hr\/wp-json\/wp\/v2\/product\/3687407","targetHints":{"allow":["GET"]}}],"collection":[{"href":"https:\/\/stoic-curie.212-227-153-4.plesk.page\/hr\/wp-json\/wp\/v2\/product"}],"about":[{"href":"https:\/\/stoic-curie.212-227-153-4.plesk.page\/hr\/wp-json\/wp\/v2\/types\/product"}],"replies":[{"embeddable":true,"href":"https:\/\/stoic-curie.212-227-153-4.plesk.page\/hr\/wp-json\/wp\/v2\/comments?post=3687407"}],"version-history":[{"count":0,"href":"https:\/\/stoic-curie.212-227-153-4.plesk.page\/hr\/wp-json\/wp\/v2\/product\/3687407\/revisions"}],"wp:featuredmedia":[{"embeddable":true,"href":"https:\/\/stoic-curie.212-227-153-4.plesk.page\/hr\/wp-json\/wp\/v2\/media\/5937796"}],"wp:attachment":[{"href":"https:\/\/stoic-curie.212-227-153-4.plesk.page\/hr\/wp-json\/wp\/v2\/media?parent=3687407"}],"wp:term":[{"taxonomy":"product_brand","embeddable":true,"href":"https:\/\/stoic-curie.212-227-153-4.plesk.page\/hr\/wp-json\/wp\/v2\/product_brand?post=3687407"},{"taxonomy":"product_cat","embeddable":true,"href":"https:\/\/stoic-curie.212-227-153-4.plesk.page\/hr\/wp-json\/wp\/v2\/product_cat?post=3687407"},{"taxonomy":"product_tag","embeddable":true,"href":"https:\/\/stoic-curie.212-227-153-4.plesk.page\/hr\/wp-json\/wp\/v2\/product_tag?post=3687407"}],"curies":[{"name":"wp","href":"https:\/\/api.w.org\/{rel}","templated":true}]}}