{"id":3687426,"date":"2025-10-13T13:29:44","date_gmt":"2025-10-13T17:29:44","guid":{"rendered":"https:\/\/stoic-curie.212-227-153-4.plesk.page\/product\/sigurnosna-kuka-za-sidrenje-chain-lock-za-lanac-10-12mm\/"},"modified":"2026-02-25T00:00:41","modified_gmt":"2026-02-25T00:00:41","slug":"sigurnosna-kuka-za-sidrenje-chain-lock-za-lanac-10-12mm","status":"publish","type":"product","link":"https:\/\/stoic-curie.212-227-153-4.plesk.page\/hr\/product\/sigurnosna-kuka-za-sidrenje-chain-lock-za-lanac-10-12mm\/","title":{"rendered":"Sigurnosna kuka za sidrenje CHAIN LOCK za lanac 10-12mm"},"content":{"rendered":"<p>Sigurnosna kuka za sidrenje CHAIN LOCK za lanac 10-12mm &#8211; <\/p>\n<p>Stoper za sidrenu lanac od nehr\u0111aju\u0107eg \u010delika \u0161titi vjetroelektranu od udaraca i udaraca prilikom sidrenja, eliminiraju\u0107i prenos dosadnih vibracija s plovila koje se nji\u0161e na sidru. Sprje\u010dava lanac da pre\u0111e preko gypsyja.<\/p>\n","protected":false},"excerpt":{"rendered":"<p>Sigurnosna kuka za sidrenje CHAIN LOCK za lanac 10-12mm &#8211; Stoper za sidrenu lanac od nehr\u0111aju\u0107eg \u010delika \u0161titi vjetroelektranu od<\/p>\n","protected":false},"featured_media":5937846,"comment_status":"closed","ping_status":"closed","template":"","meta":[],"product_brand":[2901],"product_cat":[1620,1619],"product_tag":[],"class_list":{"0":"post-3687426","1":"product","2":"type-product","3":"status-publish","4":"has-post-thumbnail","6":"product_brand-douglas-marine-hr","7":"product_cat-kalibrirani-lanac-od-nehrdajuceg-celika","8":"product_cat-kalibrirani-lanac-pocincan","10":"first","11":"instock","12":"shipping-taxable","13":"purchasable","14":"product-type-simple"},"_links":{"self":[{"href":"https:\/\/stoic-curie.212-227-153-4.plesk.page\/hr\/wp-json\/wp\/v2\/product\/3687426","targetHints":{"allow":["GET"]}}],"collection":[{"href":"https:\/\/stoic-curie.212-227-153-4.plesk.page\/hr\/wp-json\/wp\/v2\/product"}],"about":[{"href":"https:\/\/stoic-curie.212-227-153-4.plesk.page\/hr\/wp-json\/wp\/v2\/types\/product"}],"replies":[{"embeddable":true,"href":"https:\/\/stoic-curie.212-227-153-4.plesk.page\/hr\/wp-json\/wp\/v2\/comments?post=3687426"}],"version-history":[{"count":0,"href":"https:\/\/stoic-curie.212-227-153-4.plesk.page\/hr\/wp-json\/wp\/v2\/product\/3687426\/revisions"}],"wp:featuredmedia":[{"embeddable":true,"href":"https:\/\/stoic-curie.212-227-153-4.plesk.page\/hr\/wp-json\/wp\/v2\/media\/5937846"}],"wp:attachment":[{"href":"https:\/\/stoic-curie.212-227-153-4.plesk.page\/hr\/wp-json\/wp\/v2\/media?parent=3687426"}],"wp:term":[{"taxonomy":"product_brand","embeddable":true,"href":"https:\/\/stoic-curie.212-227-153-4.plesk.page\/hr\/wp-json\/wp\/v2\/product_brand?post=3687426"},{"taxonomy":"product_cat","embeddable":true,"href":"https:\/\/stoic-curie.212-227-153-4.plesk.page\/hr\/wp-json\/wp\/v2\/product_cat?post=3687426"},{"taxonomy":"product_tag","embeddable":true,"href":"https:\/\/stoic-curie.212-227-153-4.plesk.page\/hr\/wp-json\/wp\/v2\/product_tag?post=3687426"}],"curies":[{"name":"wp","href":"https:\/\/api.w.org\/{rel}","templated":true}]}}