{"id":3687427,"date":"2025-10-13T13:29:44","date_gmt":"2025-10-13T17:29:44","guid":{"rendered":"https:\/\/stoic-curie.212-227-153-4.plesk.page\/product\/kuka-za-otpustanje-sidra\/"},"modified":"2026-02-25T00:00:42","modified_gmt":"2026-02-25T00:00:42","slug":"kuka-za-otpustanje-sidra","status":"publish","type":"product","link":"https:\/\/stoic-curie.212-227-153-4.plesk.page\/hr\/product\/kuka-za-otpustanje-sidra\/","title":{"rendered":"Kuka za otpu\u0161tanje sidra"},"content":{"rendered":"<p>Kuka za otpu\u0161tanje sidra &#8211; <\/p>\n<p>Galvanizirani \u010deli\u010dni kukasti sidreni \u010duvar. Savr\u0161eno za izvla\u010denje blokiranih sidara, osloba\u0111aju\u0107i ih iz zapetljanih u\u017eadi ili lanaca.<\/p>\n","protected":false},"excerpt":{"rendered":"<p>Kuka za otpu\u0161tanje sidra &#8211; Galvanizirani \u010deli\u010dni kukasti sidreni \u010duvar. Savr\u0161eno za izvla\u010denje blokiranih sidara, osloba\u0111aju\u0107i ih iz zapetljanih u\u017eadi<\/p>\n","protected":false},"featured_media":5937849,"comment_status":"closed","ping_status":"closed","template":"","meta":[],"product_brand":[2836],"product_cat":[1616,1862],"product_tag":[],"class_list":{"0":"post-3687427","1":"product","2":"type-product","3":"status-publish","4":"has-post-thumbnail","6":"product_brand-boatasy-hr","7":"product_cat-kuke-za-privez-i-pristajanje","8":"product_cat-sidreno-uze","10":"first","11":"instock","12":"shipping-taxable","13":"purchasable","14":"product-type-simple"},"_links":{"self":[{"href":"https:\/\/stoic-curie.212-227-153-4.plesk.page\/hr\/wp-json\/wp\/v2\/product\/3687427","targetHints":{"allow":["GET"]}}],"collection":[{"href":"https:\/\/stoic-curie.212-227-153-4.plesk.page\/hr\/wp-json\/wp\/v2\/product"}],"about":[{"href":"https:\/\/stoic-curie.212-227-153-4.plesk.page\/hr\/wp-json\/wp\/v2\/types\/product"}],"replies":[{"embeddable":true,"href":"https:\/\/stoic-curie.212-227-153-4.plesk.page\/hr\/wp-json\/wp\/v2\/comments?post=3687427"}],"version-history":[{"count":0,"href":"https:\/\/stoic-curie.212-227-153-4.plesk.page\/hr\/wp-json\/wp\/v2\/product\/3687427\/revisions"}],"wp:featuredmedia":[{"embeddable":true,"href":"https:\/\/stoic-curie.212-227-153-4.plesk.page\/hr\/wp-json\/wp\/v2\/media\/5937849"}],"wp:attachment":[{"href":"https:\/\/stoic-curie.212-227-153-4.plesk.page\/hr\/wp-json\/wp\/v2\/media?parent=3687427"}],"wp:term":[{"taxonomy":"product_brand","embeddable":true,"href":"https:\/\/stoic-curie.212-227-153-4.plesk.page\/hr\/wp-json\/wp\/v2\/product_brand?post=3687427"},{"taxonomy":"product_cat","embeddable":true,"href":"https:\/\/stoic-curie.212-227-153-4.plesk.page\/hr\/wp-json\/wp\/v2\/product_cat?post=3687427"},{"taxonomy":"product_tag","embeddable":true,"href":"https:\/\/stoic-curie.212-227-153-4.plesk.page\/hr\/wp-json\/wp\/v2\/product_tag?post=3687427"}],"curies":[{"name":"wp","href":"https:\/\/api.w.org\/{rel}","templated":true}]}}