{"id":3687433,"date":"2025-10-13T13:29:46","date_gmt":"2025-10-13T17:29:46","guid":{"rendered":"https:\/\/stoic-curie.212-227-153-4.plesk.page\/product\/kong-siroki-karabiner-8mm-sa-bocnim-otvaranjem\/"},"modified":"2026-02-25T00:00:42","modified_gmt":"2026-02-25T00:00:42","slug":"kong-siroki-karabiner-8mm-sa-bocnim-otvaranjem","status":"publish","type":"product","link":"https:\/\/stoic-curie.212-227-153-4.plesk.page\/hr\/product\/kong-siroki-karabiner-8mm-sa-bocnim-otvaranjem\/","title":{"rendered":"Kong \u0161iroki karabiner 8mm sa bocnim otvaranjem"},"content":{"rendered":"<p>Kong \u0161iroki karabiner 8mm sa bocnim otvaranjem &#8211; <\/p>\n<p>Karabinski kuki\u010d od 316 nehr\u0111aju\u0107eg \u010delika s \u0161irokim bo\u010dnim otvorom. Antigrip sustav povezivanja. Sprje\u010dava zaplitanje konopa.<\/p>\n","protected":false},"excerpt":{"rendered":"<p>Kong \u0161iroki karabiner 8mm sa bocnim otvaranjem &#8211; Karabinski kuki\u010d od 316 nehr\u0111aju\u0107eg \u010delika s \u0161irokim bo\u010dnim otvorom. Antigrip sustav<\/p>\n","protected":false},"featured_media":5937862,"comment_status":"closed","ping_status":"closed","template":"","meta":[],"product_brand":[3051],"product_cat":[1705],"product_tag":[],"class_list":{"0":"post-3687433","1":"product","2":"type-product","3":"status-publish","4":"has-post-thumbnail","6":"product_brand-kong-hr","7":"product_cat-karabineri-za-camce","9":"first","10":"instock","11":"shipping-taxable","12":"purchasable","13":"product-type-simple"},"_links":{"self":[{"href":"https:\/\/stoic-curie.212-227-153-4.plesk.page\/hr\/wp-json\/wp\/v2\/product\/3687433","targetHints":{"allow":["GET"]}}],"collection":[{"href":"https:\/\/stoic-curie.212-227-153-4.plesk.page\/hr\/wp-json\/wp\/v2\/product"}],"about":[{"href":"https:\/\/stoic-curie.212-227-153-4.plesk.page\/hr\/wp-json\/wp\/v2\/types\/product"}],"replies":[{"embeddable":true,"href":"https:\/\/stoic-curie.212-227-153-4.plesk.page\/hr\/wp-json\/wp\/v2\/comments?post=3687433"}],"version-history":[{"count":0,"href":"https:\/\/stoic-curie.212-227-153-4.plesk.page\/hr\/wp-json\/wp\/v2\/product\/3687433\/revisions"}],"wp:featuredmedia":[{"embeddable":true,"href":"https:\/\/stoic-curie.212-227-153-4.plesk.page\/hr\/wp-json\/wp\/v2\/media\/5937862"}],"wp:attachment":[{"href":"https:\/\/stoic-curie.212-227-153-4.plesk.page\/hr\/wp-json\/wp\/v2\/media?parent=3687433"}],"wp:term":[{"taxonomy":"product_brand","embeddable":true,"href":"https:\/\/stoic-curie.212-227-153-4.plesk.page\/hr\/wp-json\/wp\/v2\/product_brand?post=3687433"},{"taxonomy":"product_cat","embeddable":true,"href":"https:\/\/stoic-curie.212-227-153-4.plesk.page\/hr\/wp-json\/wp\/v2\/product_cat?post=3687433"},{"taxonomy":"product_tag","embeddable":true,"href":"https:\/\/stoic-curie.212-227-153-4.plesk.page\/hr\/wp-json\/wp\/v2\/product_tag?post=3687433"}],"curies":[{"name":"wp","href":"https:\/\/api.w.org\/{rel}","templated":true}]}}