{"id":3687439,"date":"2025-10-13T13:29:47","date_gmt":"2025-10-13T17:29:47","guid":{"rendered":"https:\/\/stoic-curie.212-227-153-4.plesk.page\/product\/siroki-karabiner-11mm-zatvaranje-vijkom-i-okom\/"},"modified":"2026-02-25T00:00:42","modified_gmt":"2026-02-25T00:00:42","slug":"siroki-karabiner-11mm-zatvaranje-vijkom-i-okom","status":"publish","type":"product","link":"https:\/\/stoic-curie.212-227-153-4.plesk.page\/hr\/product\/siroki-karabiner-11mm-zatvaranje-vijkom-i-okom\/","title":{"rendered":"\u0160iroki karabiner 11mm zatvaranje vijkom i okom"},"content":{"rendered":"<p>\u0160iroki karabiner 11mm zatvaranje vijkom i okom &#8211; <\/p>\n<p>Karabin kop\u010da od 316 nehr\u0111aju\u0107eg \u010delika s \u0161irokim otvorom, zaklju\u010davanjem vijcima i okom.<\/p>\n","protected":false},"excerpt":{"rendered":"<p>\u0160iroki karabiner 11mm zatvaranje vijkom i okom &#8211; Karabin kop\u010da od 316 nehr\u0111aju\u0107eg \u010delika s \u0161irokim otvorom, zaklju\u010davanjem vijcima i<\/p>\n","protected":false},"featured_media":5937871,"comment_status":"closed","ping_status":"closed","template":"","meta":[],"product_brand":[3121],"product_cat":[1705],"product_tag":[],"class_list":{"0":"post-3687439","1":"product","2":"type-product","3":"status-publish","4":"has-post-thumbnail","6":"product_brand-marinetech-hr","7":"product_cat-karabineri-za-camce","9":"first","10":"instock","11":"shipping-taxable","12":"purchasable","13":"product-type-simple"},"_links":{"self":[{"href":"https:\/\/stoic-curie.212-227-153-4.plesk.page\/hr\/wp-json\/wp\/v2\/product\/3687439","targetHints":{"allow":["GET"]}}],"collection":[{"href":"https:\/\/stoic-curie.212-227-153-4.plesk.page\/hr\/wp-json\/wp\/v2\/product"}],"about":[{"href":"https:\/\/stoic-curie.212-227-153-4.plesk.page\/hr\/wp-json\/wp\/v2\/types\/product"}],"replies":[{"embeddable":true,"href":"https:\/\/stoic-curie.212-227-153-4.plesk.page\/hr\/wp-json\/wp\/v2\/comments?post=3687439"}],"version-history":[{"count":0,"href":"https:\/\/stoic-curie.212-227-153-4.plesk.page\/hr\/wp-json\/wp\/v2\/product\/3687439\/revisions"}],"wp:featuredmedia":[{"embeddable":true,"href":"https:\/\/stoic-curie.212-227-153-4.plesk.page\/hr\/wp-json\/wp\/v2\/media\/5937871"}],"wp:attachment":[{"href":"https:\/\/stoic-curie.212-227-153-4.plesk.page\/hr\/wp-json\/wp\/v2\/media?parent=3687439"}],"wp:term":[{"taxonomy":"product_brand","embeddable":true,"href":"https:\/\/stoic-curie.212-227-153-4.plesk.page\/hr\/wp-json\/wp\/v2\/product_brand?post=3687439"},{"taxonomy":"product_cat","embeddable":true,"href":"https:\/\/stoic-curie.212-227-153-4.plesk.page\/hr\/wp-json\/wp\/v2\/product_cat?post=3687439"},{"taxonomy":"product_tag","embeddable":true,"href":"https:\/\/stoic-curie.212-227-153-4.plesk.page\/hr\/wp-json\/wp\/v2\/product_tag?post=3687439"}],"curies":[{"name":"wp","href":"https:\/\/api.w.org\/{rel}","templated":true}]}}