{"id":3687440,"date":"2025-10-13T13:29:47","date_gmt":"2025-10-13T17:29:47","guid":{"rendered":"https:\/\/stoic-curie.212-227-153-4.plesk.page\/product\/siroki-karabiner-6mm-zatvaranje-vijkom-i-okom\/"},"modified":"2026-02-25T00:00:42","modified_gmt":"2026-02-25T00:00:42","slug":"siroki-karabiner-6mm-zatvaranje-vijkom-i-okom","status":"publish","type":"product","link":"https:\/\/stoic-curie.212-227-153-4.plesk.page\/hr\/product\/siroki-karabiner-6mm-zatvaranje-vijkom-i-okom\/","title":{"rendered":"\u0160iroki karabiner 6mm zatvaranje vijkom i okom"},"content":{"rendered":"<p>\u0160iroki karabiner 6mm zatvaranje vijkom i okom &#8211; <\/p>\n<p>Karabinska kuka od nehr\u0111aju\u0107eg \u010delika 316 s \u0161irokim otvorom, vij\u010danim zaklju\u010davanjem i okomitim dijelom.<\/p>\n","protected":false},"excerpt":{"rendered":"<p>\u0160iroki karabiner 6mm zatvaranje vijkom i okom &#8211; Karabinska kuka od nehr\u0111aju\u0107eg \u010delika 316 s \u0161irokim otvorom, vij\u010danim zaklju\u010davanjem i<\/p>\n","protected":false},"featured_media":5937873,"comment_status":"closed","ping_status":"closed","template":"","meta":[],"product_brand":[3121],"product_cat":[1705],"product_tag":[],"class_list":{"0":"post-3687440","1":"product","2":"type-product","3":"status-publish","4":"has-post-thumbnail","6":"product_brand-marinetech-hr","7":"product_cat-karabineri-za-camce","9":"first","10":"instock","11":"shipping-taxable","12":"purchasable","13":"product-type-simple"},"_links":{"self":[{"href":"https:\/\/stoic-curie.212-227-153-4.plesk.page\/hr\/wp-json\/wp\/v2\/product\/3687440","targetHints":{"allow":["GET"]}}],"collection":[{"href":"https:\/\/stoic-curie.212-227-153-4.plesk.page\/hr\/wp-json\/wp\/v2\/product"}],"about":[{"href":"https:\/\/stoic-curie.212-227-153-4.plesk.page\/hr\/wp-json\/wp\/v2\/types\/product"}],"replies":[{"embeddable":true,"href":"https:\/\/stoic-curie.212-227-153-4.plesk.page\/hr\/wp-json\/wp\/v2\/comments?post=3687440"}],"version-history":[{"count":0,"href":"https:\/\/stoic-curie.212-227-153-4.plesk.page\/hr\/wp-json\/wp\/v2\/product\/3687440\/revisions"}],"wp:featuredmedia":[{"embeddable":true,"href":"https:\/\/stoic-curie.212-227-153-4.plesk.page\/hr\/wp-json\/wp\/v2\/media\/5937873"}],"wp:attachment":[{"href":"https:\/\/stoic-curie.212-227-153-4.plesk.page\/hr\/wp-json\/wp\/v2\/media?parent=3687440"}],"wp:term":[{"taxonomy":"product_brand","embeddable":true,"href":"https:\/\/stoic-curie.212-227-153-4.plesk.page\/hr\/wp-json\/wp\/v2\/product_brand?post=3687440"},{"taxonomy":"product_cat","embeddable":true,"href":"https:\/\/stoic-curie.212-227-153-4.plesk.page\/hr\/wp-json\/wp\/v2\/product_cat?post=3687440"},{"taxonomy":"product_tag","embeddable":true,"href":"https:\/\/stoic-curie.212-227-153-4.plesk.page\/hr\/wp-json\/wp\/v2\/product_tag?post=3687440"}],"curies":[{"name":"wp","href":"https:\/\/api.w.org\/{rel}","templated":true}]}}