{"id":3687444,"date":"2025-10-13T13:29:48","date_gmt":"2025-10-13T17:29:48","guid":{"rendered":"https:\/\/stoic-curie.212-227-153-4.plesk.page\/product\/jib-snap-kuka-sa-zatvaranjem-100mm\/"},"modified":"2026-02-25T00:00:42","modified_gmt":"2026-02-25T00:00:42","slug":"jib-snap-kuka-sa-zatvaranjem-100mm","status":"publish","type":"product","link":"https:\/\/stoic-curie.212-227-153-4.plesk.page\/hr\/product\/jib-snap-kuka-sa-zatvaranjem-100mm\/","title":{"rendered":"Jib Snap kuka sa zatvaranjem 100mm"},"content":{"rendered":"<p>Jib Snap kuka sa zatvaranjem 100mm &#8211; <\/p>\n<p>316\u00c2\u00a0Nehr\u0111aju\u0107i \u010delik zatvoren kraj opru\u017enog kuka. Koristi se za pri\u010dvr\u0161\u0107ivanje jib-a na u\u0161icu pramca. Tako\u0111er je sa\u0161iven na remen ili spojeno na konop.<\/p>\n","protected":false},"excerpt":{"rendered":"<p>Jib Snap kuka sa zatvaranjem 100mm &#8211; 316\u00c2\u00a0Nehr\u0111aju\u0107i \u010delik zatvoren kraj opru\u017enog kuka. Koristi se za pri\u010dvr\u0161\u0107ivanje jib-a na u\u0161icu<\/p>\n","protected":false},"featured_media":5937880,"comment_status":"closed","ping_status":"closed","template":"","meta":[],"product_brand":[3121],"product_cat":[1705,1764],"product_tag":[],"class_list":{"0":"post-3687444","1":"product","2":"type-product","3":"status-publish","4":"has-post-thumbnail","6":"product_brand-marinetech-hr","7":"product_cat-karabineri-za-camce","8":"product_cat-snap-skopci-za-jedrilice","10":"first","11":"instock","12":"shipping-taxable","13":"purchasable","14":"product-type-simple"},"_links":{"self":[{"href":"https:\/\/stoic-curie.212-227-153-4.plesk.page\/hr\/wp-json\/wp\/v2\/product\/3687444","targetHints":{"allow":["GET"]}}],"collection":[{"href":"https:\/\/stoic-curie.212-227-153-4.plesk.page\/hr\/wp-json\/wp\/v2\/product"}],"about":[{"href":"https:\/\/stoic-curie.212-227-153-4.plesk.page\/hr\/wp-json\/wp\/v2\/types\/product"}],"replies":[{"embeddable":true,"href":"https:\/\/stoic-curie.212-227-153-4.plesk.page\/hr\/wp-json\/wp\/v2\/comments?post=3687444"}],"version-history":[{"count":0,"href":"https:\/\/stoic-curie.212-227-153-4.plesk.page\/hr\/wp-json\/wp\/v2\/product\/3687444\/revisions"}],"wp:featuredmedia":[{"embeddable":true,"href":"https:\/\/stoic-curie.212-227-153-4.plesk.page\/hr\/wp-json\/wp\/v2\/media\/5937880"}],"wp:attachment":[{"href":"https:\/\/stoic-curie.212-227-153-4.plesk.page\/hr\/wp-json\/wp\/v2\/media?parent=3687444"}],"wp:term":[{"taxonomy":"product_brand","embeddable":true,"href":"https:\/\/stoic-curie.212-227-153-4.plesk.page\/hr\/wp-json\/wp\/v2\/product_brand?post=3687444"},{"taxonomy":"product_cat","embeddable":true,"href":"https:\/\/stoic-curie.212-227-153-4.plesk.page\/hr\/wp-json\/wp\/v2\/product_cat?post=3687444"},{"taxonomy":"product_tag","embeddable":true,"href":"https:\/\/stoic-curie.212-227-153-4.plesk.page\/hr\/wp-json\/wp\/v2\/product_tag?post=3687444"}],"curies":[{"name":"wp","href":"https:\/\/api.w.org\/{rel}","templated":true}]}}