{"id":3687445,"date":"2025-10-13T13:29:48","date_gmt":"2025-10-13T17:29:48","guid":{"rendered":"https:\/\/stoic-curie.212-227-153-4.plesk.page\/product\/jib-snap-kuka-sa-zatvaranjem-55mm\/"},"modified":"2026-02-25T00:00:42","modified_gmt":"2026-02-25T00:00:42","slug":"jib-snap-kuka-sa-zatvaranjem-55mm","status":"publish","type":"product","link":"https:\/\/stoic-curie.212-227-153-4.plesk.page\/hr\/product\/jib-snap-kuka-sa-zatvaranjem-55mm\/","title":{"rendered":"Jib Snap kuka sa zatvaranjem 55mm"},"content":{"rendered":"<p>Jib Snap kuka sa zatvaranjem 55mm &#8211; <\/p>\n<p>316 nehr\u0111aju\u0107i \u010deli\u010dni zatvoreni opru\u017eni kuk za jib. Koristi se za pri\u010dvr\u0161\u0107ivanje jiba na \u010deli\u010dnu okov od pramca. Sa\u0161iven je na pojas ili spojan na u\u017ead.<\/p>\n","protected":false},"excerpt":{"rendered":"<p>Jib Snap kuka sa zatvaranjem 55mm &#8211; 316 nehr\u0111aju\u0107i \u010deli\u010dni zatvoreni opru\u017eni kuk za jib. Koristi se za pri\u010dvr\u0161\u0107ivanje jiba<\/p>\n","protected":false},"featured_media":5937882,"comment_status":"closed","ping_status":"closed","template":"","meta":[],"product_brand":[3121],"product_cat":[1705,1764],"product_tag":[],"class_list":{"0":"post-3687445","1":"product","2":"type-product","3":"status-publish","4":"has-post-thumbnail","6":"product_brand-marinetech-hr","7":"product_cat-karabineri-za-camce","8":"product_cat-snap-skopci-za-jedrilice","10":"first","11":"instock","12":"shipping-taxable","13":"purchasable","14":"product-type-simple"},"_links":{"self":[{"href":"https:\/\/stoic-curie.212-227-153-4.plesk.page\/hr\/wp-json\/wp\/v2\/product\/3687445","targetHints":{"allow":["GET"]}}],"collection":[{"href":"https:\/\/stoic-curie.212-227-153-4.plesk.page\/hr\/wp-json\/wp\/v2\/product"}],"about":[{"href":"https:\/\/stoic-curie.212-227-153-4.plesk.page\/hr\/wp-json\/wp\/v2\/types\/product"}],"replies":[{"embeddable":true,"href":"https:\/\/stoic-curie.212-227-153-4.plesk.page\/hr\/wp-json\/wp\/v2\/comments?post=3687445"}],"version-history":[{"count":0,"href":"https:\/\/stoic-curie.212-227-153-4.plesk.page\/hr\/wp-json\/wp\/v2\/product\/3687445\/revisions"}],"wp:featuredmedia":[{"embeddable":true,"href":"https:\/\/stoic-curie.212-227-153-4.plesk.page\/hr\/wp-json\/wp\/v2\/media\/5937882"}],"wp:attachment":[{"href":"https:\/\/stoic-curie.212-227-153-4.plesk.page\/hr\/wp-json\/wp\/v2\/media?parent=3687445"}],"wp:term":[{"taxonomy":"product_brand","embeddable":true,"href":"https:\/\/stoic-curie.212-227-153-4.plesk.page\/hr\/wp-json\/wp\/v2\/product_brand?post=3687445"},{"taxonomy":"product_cat","embeddable":true,"href":"https:\/\/stoic-curie.212-227-153-4.plesk.page\/hr\/wp-json\/wp\/v2\/product_cat?post=3687445"},{"taxonomy":"product_tag","embeddable":true,"href":"https:\/\/stoic-curie.212-227-153-4.plesk.page\/hr\/wp-json\/wp\/v2\/product_tag?post=3687445"}],"curies":[{"name":"wp","href":"https:\/\/api.w.org\/{rel}","templated":true}]}}