{"id":3687448,"date":"2025-10-13T13:29:49","date_gmt":"2025-10-13T17:29:49","guid":{"rendered":"https:\/\/stoic-curie.212-227-153-4.plesk.page\/product\/snap-kuka-za-spinaker-okretna-s-okom-i-skopcem-70mm\/"},"modified":"2026-02-25T00:00:42","modified_gmt":"2026-02-25T00:00:42","slug":"snap-kuka-za-spinaker-okretna-s-okom-i-skopcem-70mm","status":"publish","type":"product","link":"https:\/\/stoic-curie.212-227-153-4.plesk.page\/hr\/product\/snap-kuka-za-spinaker-okretna-s-okom-i-skopcem-70mm\/","title":{"rendered":"Snap kuka za spinaker okretna s okom i \u0161kopcem 70mm"},"content":{"rendered":"<p>Snap kuka za spinaker okretna s okom i \u0161kopcem 70mm &#8211; <\/p>\n<p>\u0160pica za brzo otpu\u0161tanje od nehr\u0111aju\u0107eg \u010delika 316 s okretom o\u010dima. Koristi se za \u0161kote i u\u017ee spinakera ili glavne jedrilice. \u0160kota\/u\u017ee mo\u017ee se pro\u0161iti ili vezati.<\/p>\n","protected":false},"excerpt":{"rendered":"<p>Snap kuka za spinaker okretna s okom i \u0161kopcem 70mm &#8211; \u0160pica za brzo otpu\u0161tanje od nehr\u0111aju\u0107eg \u010delika 316 s<\/p>\n","protected":false},"featured_media":5937886,"comment_status":"closed","ping_status":"closed","template":"","meta":[],"product_brand":[3121],"product_cat":[1705,1764],"product_tag":[],"class_list":{"0":"post-3687448","1":"product","2":"type-product","3":"status-publish","4":"has-post-thumbnail","6":"product_brand-marinetech-hr","7":"product_cat-karabineri-za-camce","8":"product_cat-snap-skopci-za-jedrilice","10":"first","11":"instock","12":"shipping-taxable","13":"purchasable","14":"product-type-simple"},"_links":{"self":[{"href":"https:\/\/stoic-curie.212-227-153-4.plesk.page\/hr\/wp-json\/wp\/v2\/product\/3687448","targetHints":{"allow":["GET"]}}],"collection":[{"href":"https:\/\/stoic-curie.212-227-153-4.plesk.page\/hr\/wp-json\/wp\/v2\/product"}],"about":[{"href":"https:\/\/stoic-curie.212-227-153-4.plesk.page\/hr\/wp-json\/wp\/v2\/types\/product"}],"replies":[{"embeddable":true,"href":"https:\/\/stoic-curie.212-227-153-4.plesk.page\/hr\/wp-json\/wp\/v2\/comments?post=3687448"}],"version-history":[{"count":0,"href":"https:\/\/stoic-curie.212-227-153-4.plesk.page\/hr\/wp-json\/wp\/v2\/product\/3687448\/revisions"}],"wp:featuredmedia":[{"embeddable":true,"href":"https:\/\/stoic-curie.212-227-153-4.plesk.page\/hr\/wp-json\/wp\/v2\/media\/5937886"}],"wp:attachment":[{"href":"https:\/\/stoic-curie.212-227-153-4.plesk.page\/hr\/wp-json\/wp\/v2\/media?parent=3687448"}],"wp:term":[{"taxonomy":"product_brand","embeddable":true,"href":"https:\/\/stoic-curie.212-227-153-4.plesk.page\/hr\/wp-json\/wp\/v2\/product_brand?post=3687448"},{"taxonomy":"product_cat","embeddable":true,"href":"https:\/\/stoic-curie.212-227-153-4.plesk.page\/hr\/wp-json\/wp\/v2\/product_cat?post=3687448"},{"taxonomy":"product_tag","embeddable":true,"href":"https:\/\/stoic-curie.212-227-153-4.plesk.page\/hr\/wp-json\/wp\/v2\/product_tag?post=3687448"}],"curies":[{"name":"wp","href":"https:\/\/api.w.org\/{rel}","templated":true}]}}