{"id":3687449,"date":"2025-10-13T13:29:49","date_gmt":"2025-10-13T17:29:49","guid":{"rendered":"https:\/\/stoic-curie.212-227-153-4.plesk.page\/product\/snap-kuka-za-spinaker-okretna-s-okom-i-skopcem-90mm\/"},"modified":"2026-02-25T00:00:42","modified_gmt":"2026-02-25T00:00:42","slug":"snap-kuka-za-spinaker-okretna-s-okom-i-skopcem-90mm","status":"publish","type":"product","link":"https:\/\/stoic-curie.212-227-153-4.plesk.page\/hr\/product\/snap-kuka-za-spinaker-okretna-s-okom-i-skopcem-90mm\/","title":{"rendered":"Snap kuka za spinaker okretna s okom i \u0161kopcem 90mm"},"content":{"rendered":"<p>Snap kuka za spinaker okretna s okom i \u0161kopcem 90mm &#8211; <\/p>\n<p>Naplatak od nehr\u0111aju\u0107eg \u010delika 316 s brzim otpu\u0161tanjem i okretnim okom. Koristi se za u\u017ee spi i fok ili za halyard. U\u017ee\/halyard mo\u017ee se spojiti ili vezati.<\/p>\n","protected":false},"excerpt":{"rendered":"<p>Snap kuka za spinaker okretna s okom i \u0161kopcem 90mm &#8211; Naplatak od nehr\u0111aju\u0107eg \u010delika 316 s brzim otpu\u0161tanjem i<\/p>\n","protected":false},"featured_media":5937886,"comment_status":"closed","ping_status":"closed","template":"","meta":[],"product_brand":[3121],"product_cat":[1705,1764],"product_tag":[],"class_list":{"0":"post-3687449","1":"product","2":"type-product","3":"status-publish","4":"has-post-thumbnail","6":"product_brand-marinetech-hr","7":"product_cat-karabineri-za-camce","8":"product_cat-snap-skopci-za-jedrilice","10":"first","11":"instock","12":"shipping-taxable","13":"purchasable","14":"product-type-simple"},"_links":{"self":[{"href":"https:\/\/stoic-curie.212-227-153-4.plesk.page\/hr\/wp-json\/wp\/v2\/product\/3687449","targetHints":{"allow":["GET"]}}],"collection":[{"href":"https:\/\/stoic-curie.212-227-153-4.plesk.page\/hr\/wp-json\/wp\/v2\/product"}],"about":[{"href":"https:\/\/stoic-curie.212-227-153-4.plesk.page\/hr\/wp-json\/wp\/v2\/types\/product"}],"replies":[{"embeddable":true,"href":"https:\/\/stoic-curie.212-227-153-4.plesk.page\/hr\/wp-json\/wp\/v2\/comments?post=3687449"}],"version-history":[{"count":0,"href":"https:\/\/stoic-curie.212-227-153-4.plesk.page\/hr\/wp-json\/wp\/v2\/product\/3687449\/revisions"}],"wp:featuredmedia":[{"embeddable":true,"href":"https:\/\/stoic-curie.212-227-153-4.plesk.page\/hr\/wp-json\/wp\/v2\/media\/5937886"}],"wp:attachment":[{"href":"https:\/\/stoic-curie.212-227-153-4.plesk.page\/hr\/wp-json\/wp\/v2\/media?parent=3687449"}],"wp:term":[{"taxonomy":"product_brand","embeddable":true,"href":"https:\/\/stoic-curie.212-227-153-4.plesk.page\/hr\/wp-json\/wp\/v2\/product_brand?post=3687449"},{"taxonomy":"product_cat","embeddable":true,"href":"https:\/\/stoic-curie.212-227-153-4.plesk.page\/hr\/wp-json\/wp\/v2\/product_cat?post=3687449"},{"taxonomy":"product_tag","embeddable":true,"href":"https:\/\/stoic-curie.212-227-153-4.plesk.page\/hr\/wp-json\/wp\/v2\/product_tag?post=3687449"}],"curies":[{"name":"wp","href":"https:\/\/api.w.org\/{rel}","templated":true}]}}