{"id":3687450,"date":"2025-10-13T13:29:49","date_gmt":"2025-10-13T17:29:49","guid":{"rendered":"https:\/\/stoic-curie.212-227-153-4.plesk.page\/product\/snap-kuka-za-spinaker-okretna-sa-skopcem-i-okom-sa-clevis-zatvaracem-74mm\/"},"modified":"2026-02-25T00:00:42","modified_gmt":"2026-02-25T00:00:42","slug":"snap-kuka-za-spinaker-okretna-sa-skopcem-i-okom-sa-clevis-zatvaracem-74mm","status":"publish","type":"product","link":"https:\/\/stoic-curie.212-227-153-4.plesk.page\/hr\/product\/snap-kuka-za-spinaker-okretna-sa-skopcem-i-okom-sa-clevis-zatvaracem-74mm\/","title":{"rendered":"Snap kuka za spinaker, okretna sa \u0161kopcem i okom sa Clevis zatvaracem 74mm"},"content":{"rendered":"<p>Snap kuka za spinaker, okretna sa \u0161kopcem i okom sa Clevis zatvaracem 74mm &#8211; <\/p>\n<p>\u0160arke za brzo otpu\u0161tanje okretne o\u010di od nehr\u0111aju\u0107eg \u010delika 316 s clevis pinom. Koristi se za \u0161koljke ili dramske u\u017eadi spinnakera ili jibe. U slu\u010daju povezanih u\u017eadi, igla \u0161arke mo\u017ee se lako zamijeniti kada se istro\u0161i.<\/p>\n","protected":false},"excerpt":{"rendered":"<p>Snap kuka za spinaker, okretna sa \u0161kopcem i okom sa Clevis zatvaracem 74mm &#8211; \u0160arke za brzo otpu\u0161tanje okretne o\u010di<\/p>\n","protected":false},"featured_media":5937891,"comment_status":"closed","ping_status":"closed","template":"","meta":[],"product_brand":[3121],"product_cat":[1705,1764],"product_tag":[],"class_list":{"0":"post-3687450","1":"product","2":"type-product","3":"status-publish","4":"has-post-thumbnail","6":"product_brand-marinetech-hr","7":"product_cat-karabineri-za-camce","8":"product_cat-snap-skopci-za-jedrilice","10":"first","11":"instock","12":"shipping-taxable","13":"purchasable","14":"product-type-simple"},"_links":{"self":[{"href":"https:\/\/stoic-curie.212-227-153-4.plesk.page\/hr\/wp-json\/wp\/v2\/product\/3687450","targetHints":{"allow":["GET"]}}],"collection":[{"href":"https:\/\/stoic-curie.212-227-153-4.plesk.page\/hr\/wp-json\/wp\/v2\/product"}],"about":[{"href":"https:\/\/stoic-curie.212-227-153-4.plesk.page\/hr\/wp-json\/wp\/v2\/types\/product"}],"replies":[{"embeddable":true,"href":"https:\/\/stoic-curie.212-227-153-4.plesk.page\/hr\/wp-json\/wp\/v2\/comments?post=3687450"}],"version-history":[{"count":0,"href":"https:\/\/stoic-curie.212-227-153-4.plesk.page\/hr\/wp-json\/wp\/v2\/product\/3687450\/revisions"}],"wp:featuredmedia":[{"embeddable":true,"href":"https:\/\/stoic-curie.212-227-153-4.plesk.page\/hr\/wp-json\/wp\/v2\/media\/5937891"}],"wp:attachment":[{"href":"https:\/\/stoic-curie.212-227-153-4.plesk.page\/hr\/wp-json\/wp\/v2\/media?parent=3687450"}],"wp:term":[{"taxonomy":"product_brand","embeddable":true,"href":"https:\/\/stoic-curie.212-227-153-4.plesk.page\/hr\/wp-json\/wp\/v2\/product_brand?post=3687450"},{"taxonomy":"product_cat","embeddable":true,"href":"https:\/\/stoic-curie.212-227-153-4.plesk.page\/hr\/wp-json\/wp\/v2\/product_cat?post=3687450"},{"taxonomy":"product_tag","embeddable":true,"href":"https:\/\/stoic-curie.212-227-153-4.plesk.page\/hr\/wp-json\/wp\/v2\/product_tag?post=3687450"}],"curies":[{"name":"wp","href":"https:\/\/api.w.org\/{rel}","templated":true}]}}