{"id":3687468,"date":"2025-10-13T13:29:53","date_gmt":"2025-10-13T17:29:53","guid":{"rendered":"https:\/\/stoic-curie.212-227-153-4.plesk.page\/product\/podloska-s-usicom-6-mm-40x35-mm-ploca-s-4-rupe\/"},"modified":"2026-02-25T00:00:42","modified_gmt":"2026-02-25T00:00:42","slug":"podloska-s-usicom-6-mm-40x35-mm-ploca-s-4-rupe","status":"publish","type":"product","link":"https:\/\/stoic-curie.212-227-153-4.plesk.page\/hr\/product\/podloska-s-usicom-6-mm-40x35-mm-ploca-s-4-rupe\/","title":{"rendered":"Podlo\u0161ka s u\u0161icom 6 mm 40&#215;35 mm ploca s 4 rupe"},"content":{"rendered":"<p>Podlo\u0161ka s u\u0161icom 6 mm 40&#215;35 mm ploca s 4 rupe &#8211; <\/p>\n<p>O\u010dka plo\u010da od nehr\u0111aju\u0107eg \u010delika s 4 rupe.<\/p>\n","protected":false},"excerpt":{"rendered":"<p>Podlo\u0161ka s u\u0161icom 6 mm 40&#215;35 mm ploca s 4 rupe &#8211; O\u010dka plo\u010da od nehr\u0111aju\u0107eg \u010delika s 4 rupe.<\/p>\n","protected":false},"featured_media":5937923,"comment_status":"closed","ping_status":"closed","template":"","meta":[],"product_brand":[3121],"product_cat":[1682,1765],"product_tag":[],"class_list":{"0":"post-3687468","1":"product","2":"type-product","3":"status-publish","4":"has-post-thumbnail","6":"product_brand-marinetech-hr","7":"product_cat-palubna-oprema","8":"product_cat-pribor-i-oprema-za-brodice-i-jedrilice","10":"first","11":"instock","12":"shipping-taxable","13":"purchasable","14":"product-type-simple"},"_links":{"self":[{"href":"https:\/\/stoic-curie.212-227-153-4.plesk.page\/hr\/wp-json\/wp\/v2\/product\/3687468","targetHints":{"allow":["GET"]}}],"collection":[{"href":"https:\/\/stoic-curie.212-227-153-4.plesk.page\/hr\/wp-json\/wp\/v2\/product"}],"about":[{"href":"https:\/\/stoic-curie.212-227-153-4.plesk.page\/hr\/wp-json\/wp\/v2\/types\/product"}],"replies":[{"embeddable":true,"href":"https:\/\/stoic-curie.212-227-153-4.plesk.page\/hr\/wp-json\/wp\/v2\/comments?post=3687468"}],"version-history":[{"count":0,"href":"https:\/\/stoic-curie.212-227-153-4.plesk.page\/hr\/wp-json\/wp\/v2\/product\/3687468\/revisions"}],"wp:featuredmedia":[{"embeddable":true,"href":"https:\/\/stoic-curie.212-227-153-4.plesk.page\/hr\/wp-json\/wp\/v2\/media\/5937923"}],"wp:attachment":[{"href":"https:\/\/stoic-curie.212-227-153-4.plesk.page\/hr\/wp-json\/wp\/v2\/media?parent=3687468"}],"wp:term":[{"taxonomy":"product_brand","embeddable":true,"href":"https:\/\/stoic-curie.212-227-153-4.plesk.page\/hr\/wp-json\/wp\/v2\/product_brand?post=3687468"},{"taxonomy":"product_cat","embeddable":true,"href":"https:\/\/stoic-curie.212-227-153-4.plesk.page\/hr\/wp-json\/wp\/v2\/product_cat?post=3687468"},{"taxonomy":"product_tag","embeddable":true,"href":"https:\/\/stoic-curie.212-227-153-4.plesk.page\/hr\/wp-json\/wp\/v2\/product_tag?post=3687468"}],"curies":[{"name":"wp","href":"https:\/\/api.w.org\/{rel}","templated":true}]}}