{"id":3687473,"date":"2025-10-13T13:29:54","date_gmt":"2025-10-13T17:29:54","guid":{"rendered":"https:\/\/stoic-curie.212-227-153-4.plesk.page\/product\/snap-kuka-od-nehrdajuceg-celika-42x32x32mm\/"},"modified":"2026-02-25T00:00:42","modified_gmt":"2026-02-25T00:00:42","slug":"snap-kuka-od-nehrdajuceg-celika-42x32x32mm","status":"publish","type":"product","link":"https:\/\/stoic-curie.212-227-153-4.plesk.page\/hr\/product\/snap-kuka-od-nehrdajuceg-celika-42x32x32mm\/","title":{"rendered":"Snap kuka od nehr\u0111aju\u0107eg \u010delika 42x32x32mm"},"content":{"rendered":"<p>Snap kuka od nehr\u0111aju\u0107eg \u010delika 42x32x32mm &#8211; <\/p>\n<p>Opru\u017ena kuka od nehr\u0111aju\u0107eg \u010delika za fendere i konope.<\/p>\n","protected":false},"excerpt":{"rendered":"<p>Snap kuka od nehr\u0111aju\u0107eg \u010delika 42x32x32mm &#8211; Opru\u017ena kuka od nehr\u0111aju\u0107eg \u010delika za fendere i konope.<\/p>\n","protected":false},"featured_media":5937934,"comment_status":"closed","ping_status":"closed","template":"","meta":[],"product_brand":[3121],"product_cat":[1689,1703,1710],"product_tag":[],"class_list":{"0":"post-3687473","1":"product","2":"type-product","3":"status-publish","4":"has-post-thumbnail","6":"product_brand-marinetech-hr","7":"product_cat-bimini-tende","8":"product_cat-hardver-za-navlake-i-bimini","9":"product_cat-pribor-za-brodske-kabine","11":"first","12":"instock","13":"shipping-taxable","14":"purchasable","15":"product-type-simple"},"_links":{"self":[{"href":"https:\/\/stoic-curie.212-227-153-4.plesk.page\/hr\/wp-json\/wp\/v2\/product\/3687473","targetHints":{"allow":["GET"]}}],"collection":[{"href":"https:\/\/stoic-curie.212-227-153-4.plesk.page\/hr\/wp-json\/wp\/v2\/product"}],"about":[{"href":"https:\/\/stoic-curie.212-227-153-4.plesk.page\/hr\/wp-json\/wp\/v2\/types\/product"}],"replies":[{"embeddable":true,"href":"https:\/\/stoic-curie.212-227-153-4.plesk.page\/hr\/wp-json\/wp\/v2\/comments?post=3687473"}],"version-history":[{"count":0,"href":"https:\/\/stoic-curie.212-227-153-4.plesk.page\/hr\/wp-json\/wp\/v2\/product\/3687473\/revisions"}],"wp:featuredmedia":[{"embeddable":true,"href":"https:\/\/stoic-curie.212-227-153-4.plesk.page\/hr\/wp-json\/wp\/v2\/media\/5937934"}],"wp:attachment":[{"href":"https:\/\/stoic-curie.212-227-153-4.plesk.page\/hr\/wp-json\/wp\/v2\/media?parent=3687473"}],"wp:term":[{"taxonomy":"product_brand","embeddable":true,"href":"https:\/\/stoic-curie.212-227-153-4.plesk.page\/hr\/wp-json\/wp\/v2\/product_brand?post=3687473"},{"taxonomy":"product_cat","embeddable":true,"href":"https:\/\/stoic-curie.212-227-153-4.plesk.page\/hr\/wp-json\/wp\/v2\/product_cat?post=3687473"},{"taxonomy":"product_tag","embeddable":true,"href":"https:\/\/stoic-curie.212-227-153-4.plesk.page\/hr\/wp-json\/wp\/v2\/product_tag?post=3687473"}],"curies":[{"name":"wp","href":"https:\/\/api.w.org\/{rel}","templated":true}]}}