{"id":3687474,"date":"2025-10-13T13:29:55","date_gmt":"2025-10-13T17:29:55","guid":{"rendered":"https:\/\/stoic-curie.212-227-153-4.plesk.page\/product\/ravna-kuka-za-pricvrsne-trake-6-8-mm-siva\/"},"modified":"2026-02-25T00:00:42","modified_gmt":"2026-02-25T00:00:42","slug":"ravna-kuka-za-pricvrsne-trake-6-8-mm-siva","status":"publish","type":"product","link":"https:\/\/stoic-curie.212-227-153-4.plesk.page\/hr\/product\/ravna-kuka-za-pricvrsne-trake-6-8-mm-siva\/","title":{"rendered":"Ravna kuka za pri\u010dvrsne trake 6\/8 mm siva"},"content":{"rendered":"<p>Ravna kuka za pri\u010dvrsne trake 6\/8 mm siva &#8211; <\/p>\n<p>Kukice za pri\u010dvr\u0161\u0107ivanje cerada za napuhane predmete. Pakiranje sadr\u017ei 10 komada.<\/p>\n","protected":false},"excerpt":{"rendered":"<p>Ravna kuka za pri\u010dvrsne trake 6\/8 mm siva &#8211; Kukice za pri\u010dvr\u0161\u0107ivanje cerada za napuhane predmete. Pakiranje sadr\u017ei 10 komada.<\/p>\n","protected":false},"featured_media":5937936,"comment_status":"closed","ping_status":"closed","template":"","meta":[],"product_brand":[3211],"product_cat":[1839],"product_tag":[],"class_list":{"0":"post-3687474","1":"product","2":"type-product","3":"status-publish","4":"has-post-thumbnail","6":"product_brand-nuova-rade-hr","7":"product_cat-oprema-za-pomocne-brodice","9":"first","10":"instock","11":"shipping-taxable","12":"purchasable","13":"product-type-simple"},"_links":{"self":[{"href":"https:\/\/stoic-curie.212-227-153-4.plesk.page\/hr\/wp-json\/wp\/v2\/product\/3687474","targetHints":{"allow":["GET"]}}],"collection":[{"href":"https:\/\/stoic-curie.212-227-153-4.plesk.page\/hr\/wp-json\/wp\/v2\/product"}],"about":[{"href":"https:\/\/stoic-curie.212-227-153-4.plesk.page\/hr\/wp-json\/wp\/v2\/types\/product"}],"replies":[{"embeddable":true,"href":"https:\/\/stoic-curie.212-227-153-4.plesk.page\/hr\/wp-json\/wp\/v2\/comments?post=3687474"}],"version-history":[{"count":0,"href":"https:\/\/stoic-curie.212-227-153-4.plesk.page\/hr\/wp-json\/wp\/v2\/product\/3687474\/revisions"}],"wp:featuredmedia":[{"embeddable":true,"href":"https:\/\/stoic-curie.212-227-153-4.plesk.page\/hr\/wp-json\/wp\/v2\/media\/5937936"}],"wp:attachment":[{"href":"https:\/\/stoic-curie.212-227-153-4.plesk.page\/hr\/wp-json\/wp\/v2\/media?parent=3687474"}],"wp:term":[{"taxonomy":"product_brand","embeddable":true,"href":"https:\/\/stoic-curie.212-227-153-4.plesk.page\/hr\/wp-json\/wp\/v2\/product_brand?post=3687474"},{"taxonomy":"product_cat","embeddable":true,"href":"https:\/\/stoic-curie.212-227-153-4.plesk.page\/hr\/wp-json\/wp\/v2\/product_cat?post=3687474"},{"taxonomy":"product_tag","embeddable":true,"href":"https:\/\/stoic-curie.212-227-153-4.plesk.page\/hr\/wp-json\/wp\/v2\/product_tag?post=3687474"}],"curies":[{"name":"wp","href":"https:\/\/api.w.org\/{rel}","templated":true}]}}