{"id":3687479,"date":"2025-10-13T13:29:56","date_gmt":"2025-10-13T17:29:56","guid":{"rendered":"https:\/\/stoic-curie.212-227-153-4.plesk.page\/product\/bijela-kuka-za-elasticnu-uzad-4-mm\/"},"modified":"2026-02-25T00:00:42","modified_gmt":"2026-02-25T00:00:42","slug":"bijela-kuka-za-elasticnu-uzad-4-mm","status":"publish","type":"product","link":"https:\/\/stoic-curie.212-227-153-4.plesk.page\/hr\/product\/bijela-kuka-za-elasticnu-uzad-4-mm\/","title":{"rendered":"Bijela kuka za elasti\u010dnu u\u017ead 4 mm"},"content":{"rendered":"<p>Bijela kuka za elasti\u010dnu u\u017ead 4 mm &#8211; <\/p>\n<p>Uhvati\u0107 za elasti\u010dnu u\u017ee.<\/p>\n","protected":false},"excerpt":{"rendered":"<p>Bijela kuka za elasti\u010dnu u\u017ead 4 mm &#8211; Uhvati\u0107 za elasti\u010dnu u\u017ee.<\/p>\n","protected":false},"featured_media":5937944,"comment_status":"closed","ping_status":"closed","template":"","meta":[],"product_brand":[3211],"product_cat":[1689,1608,1703],"product_tag":[],"class_list":{"0":"post-3687479","1":"product","2":"type-product","3":"status-publish","4":"has-post-thumbnail","6":"product_brand-nuova-rade-hr","7":"product_cat-bimini-tende","8":"product_cat-elasticno-uze","9":"product_cat-hardver-za-navlake-i-bimini","11":"first","12":"instock","13":"shipping-taxable","14":"purchasable","15":"product-type-simple"},"_links":{"self":[{"href":"https:\/\/stoic-curie.212-227-153-4.plesk.page\/hr\/wp-json\/wp\/v2\/product\/3687479","targetHints":{"allow":["GET"]}}],"collection":[{"href":"https:\/\/stoic-curie.212-227-153-4.plesk.page\/hr\/wp-json\/wp\/v2\/product"}],"about":[{"href":"https:\/\/stoic-curie.212-227-153-4.plesk.page\/hr\/wp-json\/wp\/v2\/types\/product"}],"replies":[{"embeddable":true,"href":"https:\/\/stoic-curie.212-227-153-4.plesk.page\/hr\/wp-json\/wp\/v2\/comments?post=3687479"}],"version-history":[{"count":0,"href":"https:\/\/stoic-curie.212-227-153-4.plesk.page\/hr\/wp-json\/wp\/v2\/product\/3687479\/revisions"}],"wp:featuredmedia":[{"embeddable":true,"href":"https:\/\/stoic-curie.212-227-153-4.plesk.page\/hr\/wp-json\/wp\/v2\/media\/5937944"}],"wp:attachment":[{"href":"https:\/\/stoic-curie.212-227-153-4.plesk.page\/hr\/wp-json\/wp\/v2\/media?parent=3687479"}],"wp:term":[{"taxonomy":"product_brand","embeddable":true,"href":"https:\/\/stoic-curie.212-227-153-4.plesk.page\/hr\/wp-json\/wp\/v2\/product_brand?post=3687479"},{"taxonomy":"product_cat","embeddable":true,"href":"https:\/\/stoic-curie.212-227-153-4.plesk.page\/hr\/wp-json\/wp\/v2\/product_cat?post=3687479"},{"taxonomy":"product_tag","embeddable":true,"href":"https:\/\/stoic-curie.212-227-153-4.plesk.page\/hr\/wp-json\/wp\/v2\/product_tag?post=3687479"}],"curies":[{"name":"wp","href":"https:\/\/api.w.org\/{rel}","templated":true}]}}