{"id":3687481,"date":"2025-10-13T13:29:56","date_gmt":"2025-10-13T17:29:56","guid":{"rendered":"https:\/\/stoic-curie.212-227-153-4.plesk.page\/product\/auto-block-drzac-elasticnog-konopa-5-6-mm-plavi\/"},"modified":"2026-02-25T00:00:42","modified_gmt":"2026-02-25T00:00:42","slug":"auto-block-drzac-elasticnog-konopa-5-6-mm-plavi","status":"publish","type":"product","link":"https:\/\/stoic-curie.212-227-153-4.plesk.page\/hr\/product\/auto-block-drzac-elasticnog-konopa-5-6-mm-plavi\/","title":{"rendered":"Auto-block dr\u017ea\u010d elasticnog konopa 5\/6 mm, plavi"},"content":{"rendered":"<p>Auto-block dr\u017ea\u010d elasticnog konopa 5\/6 mm, plavi &#8211; <\/p>\n<p>Sustav metalnih kop\u010di za \u0161ok u\u017ee s automatskim zaklju\u010davanjem.<\/p>\n","protected":false},"excerpt":{"rendered":"<p>Auto-block dr\u017ea\u010d elasticnog konopa 5\/6 mm, plavi &#8211; Sustav metalnih kop\u010di za \u0161ok u\u017ee s automatskim zaklju\u010davanjem.<\/p>\n","protected":false},"featured_media":5937947,"comment_status":"closed","ping_status":"closed","template":"","meta":[],"product_brand":[3236],"product_cat":[1608,1771],"product_tag":[],"class_list":{"0":"post-3687481","1":"product","2":"type-product","3":"status-publish","4":"has-post-thumbnail","6":"product_brand-osculati-hr","7":"product_cat-elasticno-uze","8":"product_cat-oprema-za-jedrilice-oprema-za-jedrilice","10":"first","11":"instock","12":"shipping-taxable","13":"purchasable","14":"product-type-simple"},"_links":{"self":[{"href":"https:\/\/stoic-curie.212-227-153-4.plesk.page\/hr\/wp-json\/wp\/v2\/product\/3687481","targetHints":{"allow":["GET"]}}],"collection":[{"href":"https:\/\/stoic-curie.212-227-153-4.plesk.page\/hr\/wp-json\/wp\/v2\/product"}],"about":[{"href":"https:\/\/stoic-curie.212-227-153-4.plesk.page\/hr\/wp-json\/wp\/v2\/types\/product"}],"replies":[{"embeddable":true,"href":"https:\/\/stoic-curie.212-227-153-4.plesk.page\/hr\/wp-json\/wp\/v2\/comments?post=3687481"}],"version-history":[{"count":0,"href":"https:\/\/stoic-curie.212-227-153-4.plesk.page\/hr\/wp-json\/wp\/v2\/product\/3687481\/revisions"}],"wp:featuredmedia":[{"embeddable":true,"href":"https:\/\/stoic-curie.212-227-153-4.plesk.page\/hr\/wp-json\/wp\/v2\/media\/5937947"}],"wp:attachment":[{"href":"https:\/\/stoic-curie.212-227-153-4.plesk.page\/hr\/wp-json\/wp\/v2\/media?parent=3687481"}],"wp:term":[{"taxonomy":"product_brand","embeddable":true,"href":"https:\/\/stoic-curie.212-227-153-4.plesk.page\/hr\/wp-json\/wp\/v2\/product_brand?post=3687481"},{"taxonomy":"product_cat","embeddable":true,"href":"https:\/\/stoic-curie.212-227-153-4.plesk.page\/hr\/wp-json\/wp\/v2\/product_cat?post=3687481"},{"taxonomy":"product_tag","embeddable":true,"href":"https:\/\/stoic-curie.212-227-153-4.plesk.page\/hr\/wp-json\/wp\/v2\/product_tag?post=3687481"}],"curies":[{"name":"wp","href":"https:\/\/api.w.org\/{rel}","templated":true}]}}