{"id":3687502,"date":"2025-10-13T13:30:00","date_gmt":"2025-10-13T17:30:00","guid":{"rendered":"https:\/\/stoic-curie.212-227-153-4.plesk.page\/product\/upustena-s-ruckica-za-podizanje-38x40mm-od-nehrdajuceg-celika\/"},"modified":"2026-02-25T00:00:42","modified_gmt":"2026-02-25T00:00:42","slug":"upustena-s-ruckica-za-podizanje-38x40mm-od-nehrdajuceg-celika","status":"publish","type":"product","link":"https:\/\/stoic-curie.212-227-153-4.plesk.page\/hr\/product\/upustena-s-ruckica-za-podizanje-38x40mm-od-nehrdajuceg-celika\/","title":{"rendered":"Upu\u0161tena S ruckica za podizanje 38x40mm od nehr\u0111aju\u0107eg \u010delika"},"content":{"rendered":"<p>Upu\u0161tena S ruckica za podizanje 38x40mm od nehr\u0111aju\u0107eg \u010delika &#8211; <\/p>\n<p>Nehr\u0111aju\u0107i \u010delik, ugradne, opru\u017ene ru\u010dke za podizanje.<\/p>\n","protected":false},"excerpt":{"rendered":"<p>Upu\u0161tena S ruckica za podizanje 38x40mm od nehr\u0111aju\u0107eg \u010delika &#8211; Nehr\u0111aju\u0107i \u010delik, ugradne, opru\u017ene ru\u010dke za podizanje.<\/p>\n","protected":false},"featured_media":5937977,"comment_status":"closed","ping_status":"closed","template":"","meta":[],"product_brand":[3121],"product_cat":[1710],"product_tag":[],"class_list":{"0":"post-3687502","1":"product","2":"type-product","3":"status-publish","4":"has-post-thumbnail","6":"product_brand-marinetech-hr","7":"product_cat-pribor-za-brodske-kabine","9":"first","10":"instock","11":"shipping-taxable","12":"purchasable","13":"product-type-simple"},"_links":{"self":[{"href":"https:\/\/stoic-curie.212-227-153-4.plesk.page\/hr\/wp-json\/wp\/v2\/product\/3687502","targetHints":{"allow":["GET"]}}],"collection":[{"href":"https:\/\/stoic-curie.212-227-153-4.plesk.page\/hr\/wp-json\/wp\/v2\/product"}],"about":[{"href":"https:\/\/stoic-curie.212-227-153-4.plesk.page\/hr\/wp-json\/wp\/v2\/types\/product"}],"replies":[{"embeddable":true,"href":"https:\/\/stoic-curie.212-227-153-4.plesk.page\/hr\/wp-json\/wp\/v2\/comments?post=3687502"}],"version-history":[{"count":0,"href":"https:\/\/stoic-curie.212-227-153-4.plesk.page\/hr\/wp-json\/wp\/v2\/product\/3687502\/revisions"}],"wp:featuredmedia":[{"embeddable":true,"href":"https:\/\/stoic-curie.212-227-153-4.plesk.page\/hr\/wp-json\/wp\/v2\/media\/5937977"}],"wp:attachment":[{"href":"https:\/\/stoic-curie.212-227-153-4.plesk.page\/hr\/wp-json\/wp\/v2\/media?parent=3687502"}],"wp:term":[{"taxonomy":"product_brand","embeddable":true,"href":"https:\/\/stoic-curie.212-227-153-4.plesk.page\/hr\/wp-json\/wp\/v2\/product_brand?post=3687502"},{"taxonomy":"product_cat","embeddable":true,"href":"https:\/\/stoic-curie.212-227-153-4.plesk.page\/hr\/wp-json\/wp\/v2\/product_cat?post=3687502"},{"taxonomy":"product_tag","embeddable":true,"href":"https:\/\/stoic-curie.212-227-153-4.plesk.page\/hr\/wp-json\/wp\/v2\/product_tag?post=3687502"}],"curies":[{"name":"wp","href":"https:\/\/api.w.org\/{rel}","templated":true}]}}