{"id":3687518,"date":"2025-10-13T13:30:04","date_gmt":"2025-10-13T17:30:04","guid":{"rendered":"https:\/\/stoic-curie.212-227-153-4.plesk.page\/product\/rukohvat-pvc-205x55mm-svijetlo-sivi\/"},"modified":"2026-02-25T00:00:42","modified_gmt":"2026-02-25T00:00:42","slug":"rukohvat-pvc-205x55mm-svijetlo-sivi","status":"publish","type":"product","link":"https:\/\/stoic-curie.212-227-153-4.plesk.page\/hr\/product\/rukohvat-pvc-205x55mm-svijetlo-sivi\/","title":{"rendered":"Rukohvat Pvc 205x55mm svijetlo sivi"},"content":{"rendered":"<p>Rukohvat Pvc 205x55mm svijetlo sivi &#8211; <\/p>\n<p>Oja\u010dana jezgra s mekim PVC tijelom i kratkim ru\u010dkama (20 cm). Ugradnja na povr\u0161inu pomo\u0107u vijaka.<\/p>\n","protected":false},"excerpt":{"rendered":"<p>Rukohvat Pvc 205x55mm svijetlo sivi &#8211; Oja\u010dana jezgra s mekim PVC tijelom i kratkim ru\u010dkama (20 cm). Ugradnja na povr\u0161inu<\/p>\n","protected":false},"featured_media":5937991,"comment_status":"closed","ping_status":"closed","template":"","meta":[],"product_brand":[2861],"product_cat":[1707],"product_tag":[],"class_list":{"0":"post-3687518","1":"product","2":"type-product","3":"status-publish","4":"has-post-thumbnail","6":"product_brand-ceredi-hr","7":"product_cat-brodski-rukohvati","9":"first","10":"instock","11":"shipping-taxable","12":"purchasable","13":"product-type-simple"},"_links":{"self":[{"href":"https:\/\/stoic-curie.212-227-153-4.plesk.page\/hr\/wp-json\/wp\/v2\/product\/3687518","targetHints":{"allow":["GET"]}}],"collection":[{"href":"https:\/\/stoic-curie.212-227-153-4.plesk.page\/hr\/wp-json\/wp\/v2\/product"}],"about":[{"href":"https:\/\/stoic-curie.212-227-153-4.plesk.page\/hr\/wp-json\/wp\/v2\/types\/product"}],"replies":[{"embeddable":true,"href":"https:\/\/stoic-curie.212-227-153-4.plesk.page\/hr\/wp-json\/wp\/v2\/comments?post=3687518"}],"version-history":[{"count":0,"href":"https:\/\/stoic-curie.212-227-153-4.plesk.page\/hr\/wp-json\/wp\/v2\/product\/3687518\/revisions"}],"wp:featuredmedia":[{"embeddable":true,"href":"https:\/\/stoic-curie.212-227-153-4.plesk.page\/hr\/wp-json\/wp\/v2\/media\/5937991"}],"wp:attachment":[{"href":"https:\/\/stoic-curie.212-227-153-4.plesk.page\/hr\/wp-json\/wp\/v2\/media?parent=3687518"}],"wp:term":[{"taxonomy":"product_brand","embeddable":true,"href":"https:\/\/stoic-curie.212-227-153-4.plesk.page\/hr\/wp-json\/wp\/v2\/product_brand?post=3687518"},{"taxonomy":"product_cat","embeddable":true,"href":"https:\/\/stoic-curie.212-227-153-4.plesk.page\/hr\/wp-json\/wp\/v2\/product_cat?post=3687518"},{"taxonomy":"product_tag","embeddable":true,"href":"https:\/\/stoic-curie.212-227-153-4.plesk.page\/hr\/wp-json\/wp\/v2\/product_tag?post=3687518"}],"curies":[{"name":"wp","href":"https:\/\/api.w.org\/{rel}","templated":true}]}}