{"id":3687529,"date":"2025-10-13T13:30:06","date_gmt":"2025-10-13T17:30:06","guid":{"rendered":"https:\/\/stoic-curie.212-227-153-4.plesk.page\/product\/kvaka-za-ormar-45x8-mm-bronca\/"},"modified":"2026-02-25T00:00:42","modified_gmt":"2026-02-25T00:00:42","slug":"kvaka-za-ormar-45x8-mm-bronca","status":"publish","type":"product","link":"https:\/\/stoic-curie.212-227-153-4.plesk.page\/hr\/product\/kvaka-za-ormar-45x8-mm-bronca\/","title":{"rendered":"Kvaka za ormar 45&#215;8 mm Bronca"},"content":{"rendered":"<p>Kvaka za ormar 45&#215;8 mm Bronca &#8211; <\/p>\n<p>Uhvati za ladice i ormari\u0107e. Osnova od zamak legure i pri\u010dvr\u0161\u0107enje s kudeljnim ili kromiranim zavr\u0161etkom. Prodaje se u parovima.<\/p>\n","protected":false},"excerpt":{"rendered":"<p>Kvaka za ormar 45&#215;8 mm Bronca &#8211; Uhvati za ladice i ormari\u0107e. Osnova od zamak legure i pri\u010dvr\u0161\u0107enje s kudeljnim<\/p>\n","protected":false},"featured_media":5938001,"comment_status":"closed","ping_status":"closed","template":"","meta":[],"product_brand":[2946],"product_cat":[1710],"product_tag":[],"class_list":{"0":"post-3687529","1":"product","2":"type-product","3":"status-publish","4":"has-post-thumbnail","6":"product_brand-foresti-suardi-hr","7":"product_cat-pribor-za-brodske-kabine","9":"first","10":"instock","11":"shipping-taxable","12":"purchasable","13":"product-type-simple"},"_links":{"self":[{"href":"https:\/\/stoic-curie.212-227-153-4.plesk.page\/hr\/wp-json\/wp\/v2\/product\/3687529","targetHints":{"allow":["GET"]}}],"collection":[{"href":"https:\/\/stoic-curie.212-227-153-4.plesk.page\/hr\/wp-json\/wp\/v2\/product"}],"about":[{"href":"https:\/\/stoic-curie.212-227-153-4.plesk.page\/hr\/wp-json\/wp\/v2\/types\/product"}],"replies":[{"embeddable":true,"href":"https:\/\/stoic-curie.212-227-153-4.plesk.page\/hr\/wp-json\/wp\/v2\/comments?post=3687529"}],"version-history":[{"count":0,"href":"https:\/\/stoic-curie.212-227-153-4.plesk.page\/hr\/wp-json\/wp\/v2\/product\/3687529\/revisions"}],"wp:featuredmedia":[{"embeddable":true,"href":"https:\/\/stoic-curie.212-227-153-4.plesk.page\/hr\/wp-json\/wp\/v2\/media\/5938001"}],"wp:attachment":[{"href":"https:\/\/stoic-curie.212-227-153-4.plesk.page\/hr\/wp-json\/wp\/v2\/media?parent=3687529"}],"wp:term":[{"taxonomy":"product_brand","embeddable":true,"href":"https:\/\/stoic-curie.212-227-153-4.plesk.page\/hr\/wp-json\/wp\/v2\/product_brand?post=3687529"},{"taxonomy":"product_cat","embeddable":true,"href":"https:\/\/stoic-curie.212-227-153-4.plesk.page\/hr\/wp-json\/wp\/v2\/product_cat?post=3687529"},{"taxonomy":"product_tag","embeddable":true,"href":"https:\/\/stoic-curie.212-227-153-4.plesk.page\/hr\/wp-json\/wp\/v2\/product_tag?post=3687529"}],"curies":[{"name":"wp","href":"https:\/\/api.w.org\/{rel}","templated":true}]}}