{"id":3687534,"date":"2025-10-13T13:30:08","date_gmt":"2025-10-13T17:30:08","guid":{"rendered":"https:\/\/stoic-curie.212-227-153-4.plesk.page\/product\/southco-point-okrugli-zasun-25x50mm-saten\/"},"modified":"2026-02-25T00:00:42","modified_gmt":"2026-02-25T00:00:42","slug":"southco-point-okrugli-zasun-25x50mm-saten","status":"publish","type":"product","link":"https:\/\/stoic-curie.212-227-153-4.plesk.page\/hr\/product\/southco-point-okrugli-zasun-25x50mm-saten\/","title":{"rendered":"Southco Point okrugli zasun 25x50mm saten"},"content":{"rendered":"<p>Southco Point okrugli zasun 25x50mm saten &#8211; <\/p>\n<p>Southco Push-to-Close to\u010dka brava s uvu\u010denom ru\u010dkom i okruglim flan\u0161om. Ru\u010dica za povla\u010denje je uvu\u010dena na zatvorenim vratima i izranja kada se vrata otvore. Crna najlonska matica i ku\u0107i\u0161te, mesingana ru\u010dka i flan\u0161a. Mora se nadopuniti fiksnim ili podesivim dr\u017ea\u010dem.<\/p>\n","protected":false},"excerpt":{"rendered":"<p>Southco Point okrugli zasun 25x50mm saten &#8211; Southco Push-to-Close to\u010dka brava s uvu\u010denom ru\u010dkom i okruglim flan\u0161om. Ru\u010dica za povla\u010denje<\/p>\n","protected":false},"featured_media":5938007,"comment_status":"closed","ping_status":"closed","template":"","meta":[],"product_brand":[3416],"product_cat":[1687,1710],"product_tag":[],"class_list":{"0":"post-3687534","1":"product","2":"type-product","3":"status-publish","4":"has-post-thumbnail","6":"product_brand-southco-mobella-hr","7":"product_cat-brodski-zasuni","8":"product_cat-pribor-za-brodske-kabine","10":"first","11":"instock","12":"shipping-taxable","13":"purchasable","14":"product-type-simple"},"_links":{"self":[{"href":"https:\/\/stoic-curie.212-227-153-4.plesk.page\/hr\/wp-json\/wp\/v2\/product\/3687534","targetHints":{"allow":["GET"]}}],"collection":[{"href":"https:\/\/stoic-curie.212-227-153-4.plesk.page\/hr\/wp-json\/wp\/v2\/product"}],"about":[{"href":"https:\/\/stoic-curie.212-227-153-4.plesk.page\/hr\/wp-json\/wp\/v2\/types\/product"}],"replies":[{"embeddable":true,"href":"https:\/\/stoic-curie.212-227-153-4.plesk.page\/hr\/wp-json\/wp\/v2\/comments?post=3687534"}],"version-history":[{"count":0,"href":"https:\/\/stoic-curie.212-227-153-4.plesk.page\/hr\/wp-json\/wp\/v2\/product\/3687534\/revisions"}],"wp:featuredmedia":[{"embeddable":true,"href":"https:\/\/stoic-curie.212-227-153-4.plesk.page\/hr\/wp-json\/wp\/v2\/media\/5938007"}],"wp:attachment":[{"href":"https:\/\/stoic-curie.212-227-153-4.plesk.page\/hr\/wp-json\/wp\/v2\/media?parent=3687534"}],"wp:term":[{"taxonomy":"product_brand","embeddable":true,"href":"https:\/\/stoic-curie.212-227-153-4.plesk.page\/hr\/wp-json\/wp\/v2\/product_brand?post=3687534"},{"taxonomy":"product_cat","embeddable":true,"href":"https:\/\/stoic-curie.212-227-153-4.plesk.page\/hr\/wp-json\/wp\/v2\/product_cat?post=3687534"},{"taxonomy":"product_tag","embeddable":true,"href":"https:\/\/stoic-curie.212-227-153-4.plesk.page\/hr\/wp-json\/wp\/v2\/product_tag?post=3687534"}],"curies":[{"name":"wp","href":"https:\/\/api.w.org\/{rel}","templated":true}]}}