{"id":3687535,"date":"2025-10-13T13:30:08","date_gmt":"2025-10-13T17:30:08","guid":{"rendered":"https:\/\/stoic-curie.212-227-153-4.plesk.page\/product\/southco-cilindar-za-kljuc-25x40mm-crni-najlon\/"},"modified":"2026-02-25T00:00:42","modified_gmt":"2026-02-25T00:00:42","slug":"southco-cilindar-za-kljuc-25x40mm-crni-najlon","status":"publish","type":"product","link":"https:\/\/stoic-curie.212-227-153-4.plesk.page\/hr\/product\/southco-cilindar-za-kljuc-25x40mm-crni-najlon\/","title":{"rendered":"Southco cilindar za kljuc 25x40mm crni najlon"},"content":{"rendered":"<p>Southco cilindar za kljuc 25x40mm crni najlon &#8211; <\/p>\n<p>Iznimno \u010dvrsta ku\u0107i\u0161te od najlona i smole s zaklju\u010davanjem tipke za klju\u010d Southco. Otporne na koroziju unutarnje opruge od nehr\u0111aju\u0107eg \u010delika 302. Maksimalna debljina vrata 12,5 mm.<\/p>\n","protected":false},"excerpt":{"rendered":"<p>Southco cilindar za kljuc 25x40mm crni najlon &#8211; Iznimno \u010dvrsta ku\u0107i\u0161te od najlona i smole s zaklju\u010davanjem tipke za klju\u010d<\/p>\n","protected":false},"featured_media":5938011,"comment_status":"closed","ping_status":"closed","template":"","meta":[],"product_brand":[3416],"product_cat":[1687,1710],"product_tag":[],"class_list":{"0":"post-3687535","1":"product","2":"type-product","3":"status-publish","4":"has-post-thumbnail","6":"product_brand-southco-mobella-hr","7":"product_cat-brodski-zasuni","8":"product_cat-pribor-za-brodske-kabine","10":"first","11":"instock","12":"shipping-taxable","13":"purchasable","14":"product-type-simple"},"_links":{"self":[{"href":"https:\/\/stoic-curie.212-227-153-4.plesk.page\/hr\/wp-json\/wp\/v2\/product\/3687535","targetHints":{"allow":["GET"]}}],"collection":[{"href":"https:\/\/stoic-curie.212-227-153-4.plesk.page\/hr\/wp-json\/wp\/v2\/product"}],"about":[{"href":"https:\/\/stoic-curie.212-227-153-4.plesk.page\/hr\/wp-json\/wp\/v2\/types\/product"}],"replies":[{"embeddable":true,"href":"https:\/\/stoic-curie.212-227-153-4.plesk.page\/hr\/wp-json\/wp\/v2\/comments?post=3687535"}],"version-history":[{"count":0,"href":"https:\/\/stoic-curie.212-227-153-4.plesk.page\/hr\/wp-json\/wp\/v2\/product\/3687535\/revisions"}],"wp:featuredmedia":[{"embeddable":true,"href":"https:\/\/stoic-curie.212-227-153-4.plesk.page\/hr\/wp-json\/wp\/v2\/media\/5938011"}],"wp:attachment":[{"href":"https:\/\/stoic-curie.212-227-153-4.plesk.page\/hr\/wp-json\/wp\/v2\/media?parent=3687535"}],"wp:term":[{"taxonomy":"product_brand","embeddable":true,"href":"https:\/\/stoic-curie.212-227-153-4.plesk.page\/hr\/wp-json\/wp\/v2\/product_brand?post=3687535"},{"taxonomy":"product_cat","embeddable":true,"href":"https:\/\/stoic-curie.212-227-153-4.plesk.page\/hr\/wp-json\/wp\/v2\/product_cat?post=3687535"},{"taxonomy":"product_tag","embeddable":true,"href":"https:\/\/stoic-curie.212-227-153-4.plesk.page\/hr\/wp-json\/wp\/v2\/product_tag?post=3687535"}],"curies":[{"name":"wp","href":"https:\/\/api.w.org\/{rel}","templated":true}]}}