{"id":3687546,"date":"2025-10-13T13:30:11","date_gmt":"2025-10-13T17:30:11","guid":{"rendered":"https:\/\/stoic-curie.212-227-153-4.plesk.page\/product\/lokoti-dugi-40mm-hardinox-standard-marine\/"},"modified":"2026-02-25T00:00:42","modified_gmt":"2026-02-25T00:00:42","slug":"lokoti-dugi-40mm-hardinox-standard-marine","status":"publish","type":"product","link":"https:\/\/stoic-curie.212-227-153-4.plesk.page\/hr\/product\/lokoti-dugi-40mm-hardinox-standard-marine\/","title":{"rendered":"Lokoti dugi 40mm Hardinox Standard Marine"},"content":{"rendered":"<p>Lokoti dugi 40mm Hardinox Standard Marine &#8211; <\/p>\n<p>Zrcalno polirane brave od nehr\u0111aju\u0107eg \u010delika s dugim u\u0161icom.<br \/>\u010cvrste, sna\u017ene i sigurne, otporne na sol i morsku okolinu.<\/p>\n","protected":false},"excerpt":{"rendered":"<p>Lokoti dugi 40mm Hardinox Standard Marine &#8211; Zrcalno polirane brave od nehr\u0111aju\u0107eg \u010delika s dugim u\u0161icom.\u010cvrste, sna\u017ene i sigurne, otporne<\/p>\n","protected":false},"featured_media":5938048,"comment_status":"closed","ping_status":"closed","template":"","meta":[],"product_brand":[3136],"product_cat":[1686],"product_tag":[],"class_list":{"0":"post-3687546","1":"product","2":"type-product","3":"status-publish","4":"has-post-thumbnail","6":"product_brand-masterlock-hr","7":"product_cat-lokoti","9":"first","10":"instock","11":"shipping-taxable","12":"purchasable","13":"product-type-simple"},"_links":{"self":[{"href":"https:\/\/stoic-curie.212-227-153-4.plesk.page\/hr\/wp-json\/wp\/v2\/product\/3687546","targetHints":{"allow":["GET"]}}],"collection":[{"href":"https:\/\/stoic-curie.212-227-153-4.plesk.page\/hr\/wp-json\/wp\/v2\/product"}],"about":[{"href":"https:\/\/stoic-curie.212-227-153-4.plesk.page\/hr\/wp-json\/wp\/v2\/types\/product"}],"replies":[{"embeddable":true,"href":"https:\/\/stoic-curie.212-227-153-4.plesk.page\/hr\/wp-json\/wp\/v2\/comments?post=3687546"}],"version-history":[{"count":0,"href":"https:\/\/stoic-curie.212-227-153-4.plesk.page\/hr\/wp-json\/wp\/v2\/product\/3687546\/revisions"}],"wp:featuredmedia":[{"embeddable":true,"href":"https:\/\/stoic-curie.212-227-153-4.plesk.page\/hr\/wp-json\/wp\/v2\/media\/5938048"}],"wp:attachment":[{"href":"https:\/\/stoic-curie.212-227-153-4.plesk.page\/hr\/wp-json\/wp\/v2\/media?parent=3687546"}],"wp:term":[{"taxonomy":"product_brand","embeddable":true,"href":"https:\/\/stoic-curie.212-227-153-4.plesk.page\/hr\/wp-json\/wp\/v2\/product_brand?post=3687546"},{"taxonomy":"product_cat","embeddable":true,"href":"https:\/\/stoic-curie.212-227-153-4.plesk.page\/hr\/wp-json\/wp\/v2\/product_cat?post=3687546"},{"taxonomy":"product_tag","embeddable":true,"href":"https:\/\/stoic-curie.212-227-153-4.plesk.page\/hr\/wp-json\/wp\/v2\/product_tag?post=3687546"}],"curies":[{"name":"wp","href":"https:\/\/api.w.org\/{rel}","templated":true}]}}