{"id":3687563,"date":"2025-10-13T13:30:15","date_gmt":"2025-10-13T17:30:15","guid":{"rendered":"https:\/\/stoic-curie.212-227-153-4.plesk.page\/product\/bijela-sarka-60-x-95-mm\/"},"modified":"2026-02-25T00:00:42","modified_gmt":"2026-02-25T00:00:42","slug":"bijela-sarka-60-x-95-mm","status":"publish","type":"product","link":"https:\/\/stoic-curie.212-227-153-4.plesk.page\/hr\/product\/bijela-sarka-60-x-95-mm\/","title":{"rendered":"Bijela \u0161arka 60 x 95 mm"},"content":{"rendered":"<p>Bijela \u0161arka 60 x 95 mm &#8211; <\/p>\n<p>Oja\u010dana plasti\u010dna \u0161arkama u obliku keksa.<\/p>\n","protected":false},"excerpt":{"rendered":"<p>Bijela \u0161arka 60 x 95 mm &#8211; Oja\u010dana plasti\u010dna \u0161arkama u obliku keksa.<\/p>\n","protected":false},"featured_media":5938095,"comment_status":"closed","ping_status":"closed","template":"","meta":[],"product_brand":[3211],"product_cat":[1711],"product_tag":[],"class_list":{"0":"post-3687563","1":"product","2":"type-product","3":"status-publish","4":"has-post-thumbnail","6":"product_brand-nuova-rade-hr","7":"product_cat-brodske-sarke","9":"first","10":"instock","11":"shipping-taxable","12":"purchasable","13":"product-type-simple"},"_links":{"self":[{"href":"https:\/\/stoic-curie.212-227-153-4.plesk.page\/hr\/wp-json\/wp\/v2\/product\/3687563","targetHints":{"allow":["GET"]}}],"collection":[{"href":"https:\/\/stoic-curie.212-227-153-4.plesk.page\/hr\/wp-json\/wp\/v2\/product"}],"about":[{"href":"https:\/\/stoic-curie.212-227-153-4.plesk.page\/hr\/wp-json\/wp\/v2\/types\/product"}],"replies":[{"embeddable":true,"href":"https:\/\/stoic-curie.212-227-153-4.plesk.page\/hr\/wp-json\/wp\/v2\/comments?post=3687563"}],"version-history":[{"count":0,"href":"https:\/\/stoic-curie.212-227-153-4.plesk.page\/hr\/wp-json\/wp\/v2\/product\/3687563\/revisions"}],"wp:featuredmedia":[{"embeddable":true,"href":"https:\/\/stoic-curie.212-227-153-4.plesk.page\/hr\/wp-json\/wp\/v2\/media\/5938095"}],"wp:attachment":[{"href":"https:\/\/stoic-curie.212-227-153-4.plesk.page\/hr\/wp-json\/wp\/v2\/media?parent=3687563"}],"wp:term":[{"taxonomy":"product_brand","embeddable":true,"href":"https:\/\/stoic-curie.212-227-153-4.plesk.page\/hr\/wp-json\/wp\/v2\/product_brand?post=3687563"},{"taxonomy":"product_cat","embeddable":true,"href":"https:\/\/stoic-curie.212-227-153-4.plesk.page\/hr\/wp-json\/wp\/v2\/product_cat?post=3687563"},{"taxonomy":"product_tag","embeddable":true,"href":"https:\/\/stoic-curie.212-227-153-4.plesk.page\/hr\/wp-json\/wp\/v2\/product_tag?post=3687563"}],"curies":[{"name":"wp","href":"https:\/\/api.w.org\/{rel}","templated":true}]}}