{"id":3687575,"date":"2025-10-13T13:30:17","date_gmt":"2025-10-13T17:30:17","guid":{"rendered":"https:\/\/stoic-curie.212-227-153-4.plesk.page\/product\/preklopna-sarka-od-nehrdajuceg-celika-lijeva-55-x-19mm-h7mm\/"},"modified":"2026-02-25T00:00:42","modified_gmt":"2026-02-25T00:00:42","slug":"preklopna-sarka-od-nehrdajuceg-celika-lijeva-55-x-19mm-h7mm","status":"publish","type":"product","link":"https:\/\/stoic-curie.212-227-153-4.plesk.page\/hr\/product\/preklopna-sarka-od-nehrdajuceg-celika-lijeva-55-x-19mm-h7mm\/","title":{"rendered":"Preklopna \u0161arka od nehr\u0111aju\u0107eg \u010delika, lijeva, 55 x 19mm H7mm"},"content":{"rendered":"<p>Preklopna \u0161arka od nehr\u0111aju\u0107eg \u010delika, lijeva, 55 x 19mm H7mm &#8211; <\/p>\n<p>Ogledalo-polirane inoxne \u0161arke sa 2 razine. Omogu\u0107uju potpuno otvaranje od 180\u00b0 vrata i poklopaca.<\/p>\n","protected":false},"excerpt":{"rendered":"<p>Preklopna \u0161arka od nehr\u0111aju\u0107eg \u010delika, lijeva, 55 x 19mm H7mm &#8211; Ogledalo-polirane inoxne \u0161arke sa 2 razine. Omogu\u0107uju potpuno otvaranje<\/p>\n","protected":false},"featured_media":5938123,"comment_status":"closed","ping_status":"closed","template":"","meta":[],"product_brand":[3121],"product_cat":[1711],"product_tag":[],"class_list":{"0":"post-3687575","1":"product","2":"type-product","3":"status-publish","4":"has-post-thumbnail","6":"product_brand-marinetech-hr","7":"product_cat-brodske-sarke","9":"first","10":"instock","11":"shipping-taxable","12":"purchasable","13":"product-type-simple"},"_links":{"self":[{"href":"https:\/\/stoic-curie.212-227-153-4.plesk.page\/hr\/wp-json\/wp\/v2\/product\/3687575","targetHints":{"allow":["GET"]}}],"collection":[{"href":"https:\/\/stoic-curie.212-227-153-4.plesk.page\/hr\/wp-json\/wp\/v2\/product"}],"about":[{"href":"https:\/\/stoic-curie.212-227-153-4.plesk.page\/hr\/wp-json\/wp\/v2\/types\/product"}],"replies":[{"embeddable":true,"href":"https:\/\/stoic-curie.212-227-153-4.plesk.page\/hr\/wp-json\/wp\/v2\/comments?post=3687575"}],"version-history":[{"count":0,"href":"https:\/\/stoic-curie.212-227-153-4.plesk.page\/hr\/wp-json\/wp\/v2\/product\/3687575\/revisions"}],"wp:featuredmedia":[{"embeddable":true,"href":"https:\/\/stoic-curie.212-227-153-4.plesk.page\/hr\/wp-json\/wp\/v2\/media\/5938123"}],"wp:attachment":[{"href":"https:\/\/stoic-curie.212-227-153-4.plesk.page\/hr\/wp-json\/wp\/v2\/media?parent=3687575"}],"wp:term":[{"taxonomy":"product_brand","embeddable":true,"href":"https:\/\/stoic-curie.212-227-153-4.plesk.page\/hr\/wp-json\/wp\/v2\/product_brand?post=3687575"},{"taxonomy":"product_cat","embeddable":true,"href":"https:\/\/stoic-curie.212-227-153-4.plesk.page\/hr\/wp-json\/wp\/v2\/product_cat?post=3687575"},{"taxonomy":"product_tag","embeddable":true,"href":"https:\/\/stoic-curie.212-227-153-4.plesk.page\/hr\/wp-json\/wp\/v2\/product_tag?post=3687575"}],"curies":[{"name":"wp","href":"https:\/\/api.w.org\/{rel}","templated":true}]}}