{"id":3687581,"date":"2025-10-13T13:30:19","date_gmt":"2025-10-13T17:30:19","guid":{"rendered":"https:\/\/stoic-curie.212-227-153-4.plesk.page\/product\/nogostupi-od-nehrdajuceg-celika-sa-drvenom-podlogom-30x125cm\/"},"modified":"2026-02-25T00:00:42","modified_gmt":"2026-02-25T00:00:42","slug":"nogostupi-od-nehrdajuceg-celika-sa-drvenom-podlogom-30x125cm","status":"publish","type":"product","link":"https:\/\/stoic-curie.212-227-153-4.plesk.page\/hr\/product\/nogostupi-od-nehrdajuceg-celika-sa-drvenom-podlogom-30x125cm\/","title":{"rendered":"Nogostupi od nehr\u0111aju\u0107eg \u010delika, sa drvenom podlogom, 30&#215;12,5cm"},"content":{"rendered":"<p>Nogostupi od nehr\u0111aju\u0107eg \u010delika, sa drvenom podlogom, 30&#215;12,5cm &#8211; <\/p>\n<p>Dr\u0161ka\/kora od nehr\u0111aju\u0107eg \u010delika s ili bez drvene noge.<\/p>\n","protected":false},"excerpt":{"rendered":"<p>Nogostupi od nehr\u0111aju\u0107eg \u010delika, sa drvenom podlogom, 30&#215;12,5cm &#8211; Dr\u0161ka\/kora od nehr\u0111aju\u0107eg \u010delika s ili bez drvene noge.<\/p>\n","protected":false},"featured_media":5938165,"comment_status":"closed","ping_status":"closed","template":"","meta":[],"product_brand":[3491],"product_cat":[1618],"product_tag":[],"class_list":{"0":"post-3687581","1":"product","2":"type-product","3":"status-publish","4":"has-post-thumbnail","6":"product_brand-trem-hr","7":"product_cat-ljestve-za-brodove","9":"first","10":"instock","11":"shipping-taxable","12":"purchasable","13":"product-type-simple"},"_links":{"self":[{"href":"https:\/\/stoic-curie.212-227-153-4.plesk.page\/hr\/wp-json\/wp\/v2\/product\/3687581","targetHints":{"allow":["GET"]}}],"collection":[{"href":"https:\/\/stoic-curie.212-227-153-4.plesk.page\/hr\/wp-json\/wp\/v2\/product"}],"about":[{"href":"https:\/\/stoic-curie.212-227-153-4.plesk.page\/hr\/wp-json\/wp\/v2\/types\/product"}],"replies":[{"embeddable":true,"href":"https:\/\/stoic-curie.212-227-153-4.plesk.page\/hr\/wp-json\/wp\/v2\/comments?post=3687581"}],"version-history":[{"count":0,"href":"https:\/\/stoic-curie.212-227-153-4.plesk.page\/hr\/wp-json\/wp\/v2\/product\/3687581\/revisions"}],"wp:featuredmedia":[{"embeddable":true,"href":"https:\/\/stoic-curie.212-227-153-4.plesk.page\/hr\/wp-json\/wp\/v2\/media\/5938165"}],"wp:attachment":[{"href":"https:\/\/stoic-curie.212-227-153-4.plesk.page\/hr\/wp-json\/wp\/v2\/media?parent=3687581"}],"wp:term":[{"taxonomy":"product_brand","embeddable":true,"href":"https:\/\/stoic-curie.212-227-153-4.plesk.page\/hr\/wp-json\/wp\/v2\/product_brand?post=3687581"},{"taxonomy":"product_cat","embeddable":true,"href":"https:\/\/stoic-curie.212-227-153-4.plesk.page\/hr\/wp-json\/wp\/v2\/product_cat?post=3687581"},{"taxonomy":"product_tag","embeddable":true,"href":"https:\/\/stoic-curie.212-227-153-4.plesk.page\/hr\/wp-json\/wp\/v2\/product_tag?post=3687581"}],"curies":[{"name":"wp","href":"https:\/\/api.w.org\/{rel}","templated":true}]}}