{"id":3687582,"date":"2025-10-13T13:30:19","date_gmt":"2025-10-13T17:30:19","guid":{"rendered":"https:\/\/stoic-curie.212-227-153-4.plesk.page\/product\/sklopivi-nogostup-crni-za-jarbol\/"},"modified":"2026-02-25T00:00:42","modified_gmt":"2026-02-25T00:00:42","slug":"sklopivi-nogostup-crni-za-jarbol","status":"publish","type":"product","link":"https:\/\/stoic-curie.212-227-153-4.plesk.page\/hr\/product\/sklopivi-nogostup-crni-za-jarbol\/","title":{"rendered":"Sklopivi nogostup crni za jarbol;"},"content":{"rendered":"<p>Sklopivi nogostup crni za jarbol; &#8211; <\/p>\n<p>Ekstremno lagano i izdr\u017eljivo preklopno stubi\u0161te od najlona\/staklenih vlakana. Otporno na UV zra\u010denje, nemagnetsko i aerodinami\u010dno. Maksimalno optere\u0107enje 140 kg.<\/p>\n","protected":false},"excerpt":{"rendered":"<p>Sklopivi nogostup crni za jarbol; &#8211; Ekstremno lagano i izdr\u017eljivo preklopno stubi\u0161te od najlona\/staklenih vlakana. Otporno na UV zra\u010denje, nemagnetsko<\/p>\n","protected":false},"featured_media":5938166,"comment_status":"closed","ping_status":"closed","template":"","meta":[],"product_brand":[2876],"product_cat":[1771],"product_tag":[],"class_list":{"0":"post-3687582","1":"product","2":"type-product","3":"status-publish","4":"has-post-thumbnail","6":"product_brand-davis-hr","7":"product_cat-oprema-za-jedrilice-oprema-za-jedrilice","9":"first","10":"instock","11":"shipping-taxable","12":"purchasable","13":"product-type-simple"},"_links":{"self":[{"href":"https:\/\/stoic-curie.212-227-153-4.plesk.page\/hr\/wp-json\/wp\/v2\/product\/3687582","targetHints":{"allow":["GET"]}}],"collection":[{"href":"https:\/\/stoic-curie.212-227-153-4.plesk.page\/hr\/wp-json\/wp\/v2\/product"}],"about":[{"href":"https:\/\/stoic-curie.212-227-153-4.plesk.page\/hr\/wp-json\/wp\/v2\/types\/product"}],"replies":[{"embeddable":true,"href":"https:\/\/stoic-curie.212-227-153-4.plesk.page\/hr\/wp-json\/wp\/v2\/comments?post=3687582"}],"version-history":[{"count":0,"href":"https:\/\/stoic-curie.212-227-153-4.plesk.page\/hr\/wp-json\/wp\/v2\/product\/3687582\/revisions"}],"wp:featuredmedia":[{"embeddable":true,"href":"https:\/\/stoic-curie.212-227-153-4.plesk.page\/hr\/wp-json\/wp\/v2\/media\/5938166"}],"wp:attachment":[{"href":"https:\/\/stoic-curie.212-227-153-4.plesk.page\/hr\/wp-json\/wp\/v2\/media?parent=3687582"}],"wp:term":[{"taxonomy":"product_brand","embeddable":true,"href":"https:\/\/stoic-curie.212-227-153-4.plesk.page\/hr\/wp-json\/wp\/v2\/product_brand?post=3687582"},{"taxonomy":"product_cat","embeddable":true,"href":"https:\/\/stoic-curie.212-227-153-4.plesk.page\/hr\/wp-json\/wp\/v2\/product_cat?post=3687582"},{"taxonomy":"product_tag","embeddable":true,"href":"https:\/\/stoic-curie.212-227-153-4.plesk.page\/hr\/wp-json\/wp\/v2\/product_tag?post=3687582"}],"curies":[{"name":"wp","href":"https:\/\/api.w.org\/{rel}","templated":true}]}}