{"id":3687585,"date":"2025-10-13T13:30:20","date_gmt":"2025-10-13T17:30:20","guid":{"rendered":"https:\/\/stoic-curie.212-227-153-4.plesk.page\/product\/ljestve-za-gumenjake-2-stepenice-aluminij\/"},"modified":"2026-02-25T00:00:42","modified_gmt":"2026-02-25T00:00:42","slug":"ljestve-za-gumenjake-2-stepenice-aluminij","status":"publish","type":"product","link":"https:\/\/stoic-curie.212-227-153-4.plesk.page\/hr\/product\/ljestve-za-gumenjake-2-stepenice-aluminij\/","title":{"rendered":"Ljestve za gumenjake 2 stepenice, Aluminij"},"content":{"rendered":"<p>Ljestve za gumenjake 2 stepenice, Aluminij &#8211; <\/p>\n<p>Anodizirane aluminijske sklopive ljestve za gumenjake. Uklju\u010dena su dva pri\u010dvr\u0161\u0107ena upletena u\u017eeta.<\/p>\n","protected":false},"excerpt":{"rendered":"<p>Ljestve za gumenjake 2 stepenice, Aluminij &#8211; Anodizirane aluminijske sklopive ljestve za gumenjake. Uklju\u010dena su dva pri\u010dvr\u0161\u0107ena upletena u\u017eeta.<\/p>\n","protected":false},"featured_media":5938193,"comment_status":"closed","ping_status":"closed","template":"","meta":[],"product_brand":[3491],"product_cat":[1618,1839],"product_tag":[],"class_list":{"0":"post-3687585","1":"product","2":"type-product","3":"status-publish","4":"has-post-thumbnail","6":"product_brand-trem-hr","7":"product_cat-ljestve-za-brodove","8":"product_cat-oprema-za-pomocne-brodice","10":"first","11":"instock","12":"shipping-taxable","13":"purchasable","14":"product-type-simple"},"_links":{"self":[{"href":"https:\/\/stoic-curie.212-227-153-4.plesk.page\/hr\/wp-json\/wp\/v2\/product\/3687585","targetHints":{"allow":["GET"]}}],"collection":[{"href":"https:\/\/stoic-curie.212-227-153-4.plesk.page\/hr\/wp-json\/wp\/v2\/product"}],"about":[{"href":"https:\/\/stoic-curie.212-227-153-4.plesk.page\/hr\/wp-json\/wp\/v2\/types\/product"}],"replies":[{"embeddable":true,"href":"https:\/\/stoic-curie.212-227-153-4.plesk.page\/hr\/wp-json\/wp\/v2\/comments?post=3687585"}],"version-history":[{"count":0,"href":"https:\/\/stoic-curie.212-227-153-4.plesk.page\/hr\/wp-json\/wp\/v2\/product\/3687585\/revisions"}],"wp:featuredmedia":[{"embeddable":true,"href":"https:\/\/stoic-curie.212-227-153-4.plesk.page\/hr\/wp-json\/wp\/v2\/media\/5938193"}],"wp:attachment":[{"href":"https:\/\/stoic-curie.212-227-153-4.plesk.page\/hr\/wp-json\/wp\/v2\/media?parent=3687585"}],"wp:term":[{"taxonomy":"product_brand","embeddable":true,"href":"https:\/\/stoic-curie.212-227-153-4.plesk.page\/hr\/wp-json\/wp\/v2\/product_brand?post=3687585"},{"taxonomy":"product_cat","embeddable":true,"href":"https:\/\/stoic-curie.212-227-153-4.plesk.page\/hr\/wp-json\/wp\/v2\/product_cat?post=3687585"},{"taxonomy":"product_tag","embeddable":true,"href":"https:\/\/stoic-curie.212-227-153-4.plesk.page\/hr\/wp-json\/wp\/v2\/product_tag?post=3687585"}],"curies":[{"name":"wp","href":"https:\/\/api.w.org\/{rel}","templated":true}]}}