{"id":3687586,"date":"2025-10-13T13:30:20","date_gmt":"2025-10-13T17:30:20","guid":{"rendered":"https:\/\/stoic-curie.212-227-153-4.plesk.page\/product\/nosac-za-vanbrodski-motor-max-10hp-plasticna-ploca\/"},"modified":"2026-02-25T00:00:42","modified_gmt":"2026-02-25T00:00:42","slug":"nosac-za-vanbrodski-motor-max-10hp-plasticna-ploca","status":"publish","type":"product","link":"https:\/\/stoic-curie.212-227-153-4.plesk.page\/hr\/product\/nosac-za-vanbrodski-motor-max-10hp-plasticna-ploca\/","title":{"rendered":"Nosa\u010d za vanbrodski motor max 10Hp, plasti\u010dna plo\u010da"},"content":{"rendered":"<p>Nosa\u010d za vanbrodski motor max 10Hp, plasti\u010dna plo\u010da &#8211; <\/p>\n<p>Oja\u010dani plasti\u010dni nosa\u010d za monta\u017eu na \u0161inu za male vanbrodske motore. Potporanj od nehr\u0111aju\u0107e \u010delika i vijci. Dimenzije poda: 195 x H215 mm. Neto visina potporanja cijevi: 260 mm.<\/p>\n","protected":false},"excerpt":{"rendered":"<p>Nosa\u010d za vanbrodski motor max 10Hp, plasti\u010dna plo\u010da &#8211; Oja\u010dani plasti\u010dni nosa\u010d za monta\u017eu na \u0161inu za male vanbrodske motore.<\/p>\n","protected":false},"featured_media":5938227,"comment_status":"closed","ping_status":"closed","template":"","meta":[],"product_brand":[3491],"product_cat":[1827,1840],"product_tag":[],"class_list":{"0":"post-3687586","1":"product","2":"type-product","3":"status-publish","4":"has-post-thumbnail","6":"product_brand-trem-hr","7":"product_cat-dodatna-oprema-za-vanbrodske-motore","8":"product_cat-sohe","10":"first","11":"instock","12":"shipping-taxable","13":"purchasable","14":"product-type-simple"},"_links":{"self":[{"href":"https:\/\/stoic-curie.212-227-153-4.plesk.page\/hr\/wp-json\/wp\/v2\/product\/3687586","targetHints":{"allow":["GET"]}}],"collection":[{"href":"https:\/\/stoic-curie.212-227-153-4.plesk.page\/hr\/wp-json\/wp\/v2\/product"}],"about":[{"href":"https:\/\/stoic-curie.212-227-153-4.plesk.page\/hr\/wp-json\/wp\/v2\/types\/product"}],"replies":[{"embeddable":true,"href":"https:\/\/stoic-curie.212-227-153-4.plesk.page\/hr\/wp-json\/wp\/v2\/comments?post=3687586"}],"version-history":[{"count":0,"href":"https:\/\/stoic-curie.212-227-153-4.plesk.page\/hr\/wp-json\/wp\/v2\/product\/3687586\/revisions"}],"wp:featuredmedia":[{"embeddable":true,"href":"https:\/\/stoic-curie.212-227-153-4.plesk.page\/hr\/wp-json\/wp\/v2\/media\/5938227"}],"wp:attachment":[{"href":"https:\/\/stoic-curie.212-227-153-4.plesk.page\/hr\/wp-json\/wp\/v2\/media?parent=3687586"}],"wp:term":[{"taxonomy":"product_brand","embeddable":true,"href":"https:\/\/stoic-curie.212-227-153-4.plesk.page\/hr\/wp-json\/wp\/v2\/product_brand?post=3687586"},{"taxonomy":"product_cat","embeddable":true,"href":"https:\/\/stoic-curie.212-227-153-4.plesk.page\/hr\/wp-json\/wp\/v2\/product_cat?post=3687586"},{"taxonomy":"product_tag","embeddable":true,"href":"https:\/\/stoic-curie.212-227-153-4.plesk.page\/hr\/wp-json\/wp\/v2\/product_tag?post=3687586"}],"curies":[{"name":"wp","href":"https:\/\/api.w.org\/{rel}","templated":true}]}}